{"id":1404,"date":"2019-05-06T13:55:42","date_gmt":"2019-05-06T13:55:42","guid":{"rendered":"http:\/\/xn--fiskecentrumsaxns-5qb.se\/?page_id=1404"},"modified":"2021-05-11T11:08:15","modified_gmt":"2021-05-11T11:08:15","slug":"om-oss-2","status":"publish","type":"page","link":"https:\/\/xn--fiskecentrumsaxns-5qb.se\/en\/om-oss-2\/","title":{"rendered":"Om oss"},"content":{"rendered":"\n<p><strong>Kultsj\u00f6g\u00e5rden \/ Fiskecentrum Saxn\u00e4s<\/strong>\u00a0\u00e4r m\u00f6tesplatsen f\u00f6r fiskare, j\u00e4gare och m\u00e4nniskor fr\u00e5n n\u00e4r och fj\u00e4rran. Passionen f\u00f6r naturen och omr\u00e5dets alla m\u00f6jligheter genomsyrar atmosf\u00e4ren p\u00e5 v\u00e5r anl\u00e4ggning.\u00a0<br><br>Vi erbjuder naturupplevelser f\u00f6r alla under hela \u00e5ret. Fiskearrangemang, fj\u00e4llvandring, sm\u00e5viltsjakt efter ripa och skogsf\u00e5gel, skotersafari, turskid\u00e5kning och l\u00e4ngdskid\u00e5kning. H\u00e4r finns en m\u00e5ngfald aktiviteter f\u00f6r alla, gammal som ung, under alla fj\u00e4llets \u00e5rstider.\u00a0<br><br>Inom fiske kan vi erbjuda det mesta. Flugfiska i kristallklara kvoterade vatten, som \u00f6vre Fiskonb\u00e4cken och Ransar\u00e5n, utforska n\u00e5gon av omr\u00e5dets sj\u00f6ar och vattendrag eller vinterfiska r\u00f6ding. Vi skr\u00e4ddarsyr ditt fiske\u00e4ventyr efter \u00f6nskem\u00e5l och erbjuder guidning f\u00f6r s\u00e5v\u00e4l den erfarne,<br>familjen,\u00a0kompisg\u00e4nget eller nyb\u00f6rjaren. Vi erbjuder ocks\u00e5 b\u00e5de nyb\u00f6rjarkurser och avancerade kurser i flugfiske mot f\u00f6rfr\u00e5gan.V\u00e5r ambition \u00e4r att vara din v\u00e4gvisare till sp\u00e4nnande, intressanta och berikande upplevelser i v\u00e5r fantastiska fj\u00e4llv\u00e4rld. <\/p>\n\n\n\n<p>Kultsj\u00f6g\u00e5rden\/Fiskecentrum i Saxn\u00e4s verksamhet \u00e4r beroende av friska ekosystem. Vi str\u00e4var st\u00e4ndigt efter att kunna bedriva en h\u00e5llbar turismverksamhet och har ett n\u00e4ra samarbete med L\u00e4nsstyrelsen, ortsbefolkning, samebyar och andra akt\u00f6rer. Vi vill ha friska vatten\/skogar, rikt djur- och v\u00e4xtliv samt ett gott samvete. Vi st\u00f6djer<a rel=\"noreferrer noopener\" href=\"https:\/\/alvraddarna.se\/\" target=\"_blank\"> \u00c4lvr\u00e4ddarna<\/a> och <a rel=\"noreferrer noopener\" href=\"http:\/\/www.oringsakademien.se\/sponsorer.html\" target=\"_blank\">\u00d6ringsakademien<\/a>, vi har \u00e4ven milj\u00f6certifierad el fr\u00e5n <a rel=\"noreferrer noopener\" href=\"https:\/\/www.tranasenergi.se\/foretag\/elavtal\/vara-elavtal\/hemmagjord-el\/\" target=\"_blank\">Tran\u00e5s energi<\/a>.<\/p>\n","protected":false},"excerpt":{"rendered":"<p>Kultsj\u00f6g\u00e5rden \/ Fiskecentrum Saxn\u00e4s\u00a0\u00e4r m\u00f6tesplatsen f\u00f6r fiskare, j\u00e4gare och m\u00e4nniskor fr\u00e5n n\u00e4r och fj\u00e4rran. Passionen f\u00f6r naturen och omr\u00e5dets alla m\u00f6jligheter genomsyrar atmosf\u00e4ren p\u00e5 v\u00e5r anl\u00e4ggning.\u00a0 Vi erbjuder naturupplevelser f\u00f6r alla under hela \u00e5ret. Fiskearrangemang, fj\u00e4llvandring, sm\u00e5viltsjakt efter ripa och skogsf\u00e5gel, skotersafari, turskid\u00e5kning och l\u00e4ngdskid\u00e5kning. H\u00e4r finns en m\u00e5ngfald aktiviteter [&hellip;]<\/p>\n","protected":false},"author":1,"featured_media":0,"parent":0,"menu_order":0,"comment_status":"closed","ping_status":"closed","template":"","meta":{"footnotes":""},"class_list":["post-1404","page","type-page","status-publish","hentry"],"yoast_head":"<!-- This site is optimized with the Yoast SEO plugin v27.5 - https:\/\/yoast.com\/product\/yoast-seo-wordpress\/ -->\n<title>Om oss<\/title>\n<meta name=\"robots\" content=\"index, follow, max-snippet:-1, max-image-preview:large, max-video-preview:-1\" \/>\n<link rel=\"canonical\" href=\"https:\/\/xn--fiskecentrumsaxns-5qb.se\/en\/om-oss-2\/\" \/>\n<meta property=\"og:locale\" content=\"en_US\" \/>\n<meta property=\"og:locale:alternate\" content=\"sv_SE\" \/>\n<meta property=\"og:type\" content=\"article\" \/>\n<meta property=\"og:title\" content=\"Om oss\" \/>\n<meta property=\"og:description\" content=\"Kultsj\u00f6g\u00e5rden \/ Fiskecentrum Saxn\u00e4s\u00a0\u00e4r m\u00f6tesplatsen f\u00f6r fiskare, j\u00e4gare och m\u00e4nniskor fr\u00e5n n\u00e4r och fj\u00e4rran. Passionen f\u00f6r naturen och omr\u00e5dets alla m\u00f6jligheter genomsyrar atmosf\u00e4ren p\u00e5 v\u00e5r anl\u00e4ggning.\u00a0 Vi erbjuder naturupplevelser f\u00f6r alla under hela \u00e5ret. Fiskearrangemang, fj\u00e4llvandring, sm\u00e5viltsjakt efter ripa och skogsf\u00e5gel, skotersafari, turskid\u00e5kning och l\u00e4ngdskid\u00e5kning. H\u00e4r finns en m\u00e5ngfald aktiviteter [&hellip;]\" \/>\n<meta property=\"og:url\" content=\"https:\/\/xn--fiskecentrumsaxns-5qb.se\/en\/om-oss-2\/\" \/>\n<meta property=\"og:site_name\" content=\"Kultsj\u00f6g\u00e5rden Fiskecentrum Saxn\u00e4s\" \/>\n<meta property=\"article:publisher\" content=\"https:\/\/www.facebook.com\/Kultsj%c3%b6g%c3%a5rden-113452636861148\/\" \/>\n<meta property=\"article:modified_time\" content=\"2021-05-11T11:08:15+00:00\" \/>\n<meta name=\"twitter:card\" content=\"summary_large_image\" \/>\n<meta name=\"twitter:label1\" content=\"Est. reading time\" \/>\n\t<meta name=\"twitter:data1\" content=\"1 minute\" \/>\n<script type=\"application\/ld+json\" class=\"yoast-schema-graph\">{\"@context\":\"https:\\\/\\\/schema.org\",\"@graph\":[{\"@type\":\"WebPage\",\"@id\":\"https:\\\/\\\/xn--fiskecentrumsaxns-5qb.se\\\/om-oss-2\\\/\",\"url\":\"https:\\\/\\\/xn--fiskecentrumsaxns-5qb.se\\\/om-oss-2\\\/\",\"name\":\"Om oss\",\"isPartOf\":{\"@id\":\"https:\\\/\\\/xn--fiskecentrumsaxns-5qb.se\\\/#website\"},\"datePublished\":\"2019-05-06T13:55:42+00:00\",\"dateModified\":\"2021-05-11T11:08:15+00:00\",\"breadcrumb\":{\"@id\":\"https:\\\/\\\/xn--fiskecentrumsaxns-5qb.se\\\/om-oss-2\\\/#breadcrumb\"},\"inLanguage\":\"en-US\",\"potentialAction\":[{\"@type\":\"ReadAction\",\"target\":[\"https:\\\/\\\/xn--fiskecentrumsaxns-5qb.se\\\/om-oss-2\\\/\"]}]},{\"@type\":\"BreadcrumbList\",\"@id\":\"https:\\\/\\\/xn--fiskecentrumsaxns-5qb.se\\\/om-oss-2\\\/#breadcrumb\",\"itemListElement\":[{\"@type\":\"ListItem\",\"position\":1,\"name\":\"Hem\",\"item\":\"https:\\\/\\\/xn--fiskecentrumsaxns-5qb.se\\\/\"},{\"@type\":\"ListItem\",\"position\":2,\"name\":\"Om oss\"}]},{\"@type\":\"WebSite\",\"@id\":\"https:\\\/\\\/xn--fiskecentrumsaxns-5qb.se\\\/#website\",\"url\":\"https:\\\/\\\/xn--fiskecentrumsaxns-5qb.se\\\/\",\"name\":\"Kultsj\u00f6g\u00e5rden Fiskecentrum Saxn\u00e4s\",\"description\":\"Ditt hem i fj\u00e4llen\",\"publisher\":{\"@id\":\"https:\\\/\\\/xn--fiskecentrumsaxns-5qb.se\\\/#organization\"},\"potentialAction\":[{\"@type\":\"SearchAction\",\"target\":{\"@type\":\"EntryPoint\",\"urlTemplate\":\"https:\\\/\\\/xn--fiskecentrumsaxns-5qb.se\\\/?s={search_term_string}\"},\"query-input\":{\"@type\":\"PropertyValueSpecification\",\"valueRequired\":true,\"valueName\":\"search_term_string\"}}],\"inLanguage\":\"en-US\"},{\"@type\":\"Organization\",\"@id\":\"https:\\\/\\\/xn--fiskecentrumsaxns-5qb.se\\\/#organization\",\"name\":\"Kultsj\u00f6g\u00e5rden Fiskecentrum Saxn\u00e4s\",\"url\":\"https:\\\/\\\/xn--fiskecentrumsaxns-5qb.se\\\/\",\"logo\":{\"@type\":\"ImageObject\",\"inLanguage\":\"en-US\",\"@id\":\"https:\\\/\\\/xn--fiskecentrumsaxns-5qb.se\\\/#\\\/schema\\\/logo\\\/image\\\/\",\"url\":\"https:\\\/\\\/xn--fiskecentrumsaxns-5qb.se\\\/wp-content\\\/uploads\\\/2019\\\/05\\\/cropped-Kultsj\u00f6g\u00e5rden1212.jpg\",\"contentUrl\":\"https:\\\/\\\/xn--fiskecentrumsaxns-5qb.se\\\/wp-content\\\/uploads\\\/2019\\\/05\\\/cropped-Kultsj\u00f6g\u00e5rden1212.jpg\",\"width\":713,\"height\":260,\"caption\":\"Kultsj\u00f6g\u00e5rden Fiskecentrum Saxn\u00e4s\"},\"image\":{\"@id\":\"https:\\\/\\\/xn--fiskecentrumsaxns-5qb.se\\\/#\\\/schema\\\/logo\\\/image\\\/\"},\"sameAs\":[\"https:\\\/\\\/www.facebook.com\\\/Kultsj\u00f6g\u00e5rden-113452636861148\\\/\"]}]}<\/script>\n<!-- \/ Yoast SEO plugin. -->","yoast_head_json":{"title":"Om oss","robots":{"index":"index","follow":"follow","max-snippet":"max-snippet:-1","max-image-preview":"max-image-preview:large","max-video-preview":"max-video-preview:-1"},"canonical":"https:\/\/xn--fiskecentrumsaxns-5qb.se\/en\/om-oss-2\/","og_locale":"en_US","og_type":"article","og_title":"[:sv]Om oss[:] - Kultsj\u00f6g\u00e5rden Fiskecentrum Saxn\u00e4s","og_description":"Kultsj\u00f6g\u00e5rden \/ Fiskecentrum Saxn\u00e4s\u00a0\u00e4r m\u00f6tesplatsen f\u00f6r fiskare, j\u00e4gare och m\u00e4nniskor fr\u00e5n n\u00e4r och fj\u00e4rran. Passionen f\u00f6r naturen och omr\u00e5dets alla m\u00f6jligheter genomsyrar atmosf\u00e4ren p\u00e5 v\u00e5r anl\u00e4ggning.\u00a0 Vi erbjuder naturupplevelser f\u00f6r alla under hela \u00e5ret. Fiskearrangemang, fj\u00e4llvandring, sm\u00e5viltsjakt efter ripa och skogsf\u00e5gel, skotersafari, turskid\u00e5kning och l\u00e4ngdskid\u00e5kning. H\u00e4r finns en m\u00e5ngfald aktiviteter [&hellip;]","og_url":"https:\/\/xn--fiskecentrumsaxns-5qb.se\/en\/om-oss-2\/","og_site_name":"Kultsj\u00f6g\u00e5rden Fiskecentrum Saxn\u00e4s","article_publisher":"https:\/\/www.facebook.com\/Kultsj%c3%b6g%c3%a5rden-113452636861148\/","article_modified_time":"2021-05-11T11:08:15+00:00","twitter_card":"summary_large_image","twitter_misc":{"Est. reading time":"1 minute"},"schema":{"@context":"https:\/\/schema.org","@graph":[{"@type":"WebPage","@id":"https:\/\/xn--fiskecentrumsaxns-5qb.se\/om-oss-2\/","url":"https:\/\/xn--fiskecentrumsaxns-5qb.se\/om-oss-2\/","name":"Om oss","isPartOf":{"@id":"https:\/\/xn--fiskecentrumsaxns-5qb.se\/#website"},"datePublished":"2019-05-06T13:55:42+00:00","dateModified":"2021-05-11T11:08:15+00:00","breadcrumb":{"@id":"https:\/\/xn--fiskecentrumsaxns-5qb.se\/om-oss-2\/#breadcrumb"},"inLanguage":"en-US","potentialAction":[{"@type":"ReadAction","target":["https:\/\/xn--fiskecentrumsaxns-5qb.se\/om-oss-2\/"]}]},{"@type":"BreadcrumbList","@id":"https:\/\/xn--fiskecentrumsaxns-5qb.se\/om-oss-2\/#breadcrumb","itemListElement":[{"@type":"ListItem","position":1,"name":"Hem","item":"https:\/\/xn--fiskecentrumsaxns-5qb.se\/"},{"@type":"ListItem","position":2,"name":"Om oss"}]},{"@type":"WebSite","@id":"https:\/\/xn--fiskecentrumsaxns-5qb.se\/#website","url":"https:\/\/xn--fiskecentrumsaxns-5qb.se\/","name":"Kultsj\u00f6g\u00e5rden Fiskecentrum Saxn\u00e4s","description":"Ditt hem i fj\u00e4llen","publisher":{"@id":"https:\/\/xn--fiskecentrumsaxns-5qb.se\/#organization"},"potentialAction":[{"@type":"SearchAction","target":{"@type":"EntryPoint","urlTemplate":"https:\/\/xn--fiskecentrumsaxns-5qb.se\/?s={search_term_string}"},"query-input":{"@type":"PropertyValueSpecification","valueRequired":true,"valueName":"search_term_string"}}],"inLanguage":"en-US"},{"@type":"Organization","@id":"https:\/\/xn--fiskecentrumsaxns-5qb.se\/#organization","name":"Kultsj\u00f6g\u00e5rden Fiskecentrum Saxn\u00e4s","url":"https:\/\/xn--fiskecentrumsaxns-5qb.se\/","logo":{"@type":"ImageObject","inLanguage":"en-US","@id":"https:\/\/xn--fiskecentrumsaxns-5qb.se\/#\/schema\/logo\/image\/","url":"https:\/\/xn--fiskecentrumsaxns-5qb.se\/wp-content\/uploads\/2019\/05\/cropped-Kultsj\u00f6g\u00e5rden1212.jpg","contentUrl":"https:\/\/xn--fiskecentrumsaxns-5qb.se\/wp-content\/uploads\/2019\/05\/cropped-Kultsj\u00f6g\u00e5rden1212.jpg","width":713,"height":260,"caption":"Kultsj\u00f6g\u00e5rden Fiskecentrum Saxn\u00e4s"},"image":{"@id":"https:\/\/xn--fiskecentrumsaxns-5qb.se\/#\/schema\/logo\/image\/"},"sameAs":["https:\/\/www.facebook.com\/Kultsj\u00f6g\u00e5rden-113452636861148\/"]}]}},"_links":{"self":[{"href":"https:\/\/xn--fiskecentrumsaxns-5qb.se\/en\/wp-json\/wp\/v2\/pages\/1404","targetHints":{"allow":["GET"]}}],"collection":[{"href":"https:\/\/xn--fiskecentrumsaxns-5qb.se\/en\/wp-json\/wp\/v2\/pages"}],"about":[{"href":"https:\/\/xn--fiskecentrumsaxns-5qb.se\/en\/wp-json\/wp\/v2\/types\/page"}],"author":[{"embeddable":true,"href":"https:\/\/xn--fiskecentrumsaxns-5qb.se\/en\/wp-json\/wp\/v2\/users\/1"}],"replies":[{"embeddable":true,"href":"https:\/\/xn--fiskecentrumsaxns-5qb.se\/en\/wp-json\/wp\/v2\/comments?post=1404"}],"version-history":[{"count":2,"href":"https:\/\/xn--fiskecentrumsaxns-5qb.se\/en\/wp-json\/wp\/v2\/pages\/1404\/revisions"}],"predecessor-version":[{"id":3017,"href":"https:\/\/xn--fiskecentrumsaxns-5qb.se\/en\/wp-json\/wp\/v2\/pages\/1404\/revisions\/3017"}],"wp:attachment":[{"href":"https:\/\/xn--fiskecentrumsaxns-5qb.se\/en\/wp-json\/wp\/v2\/media?parent=1404"}],"curies":[{"name":"wp","href":"https:\/\/api.w.org\/{rel}","templated":true}]}}