{"id":1479,"date":"2019-05-07T14:42:05","date_gmt":"2019-05-07T14:42:05","guid":{"rendered":"http:\/\/xn--fiskecentrumsaxns-5qb.se\/?page_id=1479"},"modified":"2022-01-15T15:01:34","modified_gmt":"2022-01-15T15:01:34","slug":"kontakt","status":"publish","type":"page","link":"https:\/\/xn--fiskecentrumsaxns-5qb.se\/en\/kontakt\/","title":{"rendered":"Contact"},"content":{"rendered":"\n<div class=\"wp-block-columns is-layout-flex wp-container-core-columns-is-layout-9d6595d7 wp-block-columns-is-layout-flex\">\n<div class=\"wp-block-column is-layout-flow wp-block-column-is-layout-flow\">\n<h4 class=\"wp-block-heading\">Phone<\/h4>\n\n\n\n<p><a href=\"tel:+4694070044\">+46940-700 44<\/a> Phone is open 09:00-18:00 every day. <\/p>\n\n\n\n<h4 class=\"wp-block-heading\">Fill in this information for booking<\/h4>\n\n\n\n<ul class=\"wp-block-list\"><li>Type of accomendation\/package <\/li><li>Time you wish to come <\/li><li>Number of guests<\/li><\/ul>\n<\/div>\n\n\n\n<div class=\"wp-block-column is-layout-flow wp-block-column-is-layout-flow\">\n<h4 class=\"wp-block-heading\">Email<\/h4>\n\n\n<div class=\"wpforms-container wpforms-container-full\" id=\"wpforms-2763\"><form id=\"wpforms-form-2763\" class=\"wpforms-validate wpforms-form\" data-formid=\"2763\" method=\"post\" enctype=\"multipart\/form-data\" action=\"\/en\/wp-json\/wp\/v2\/pages\/1479\" data-token=\"4702759eff5cefa86f2456b0580fb8ad\" data-token-time=\"1776866655\"><noscript class=\"wpforms-error-noscript\">Please enable JavaScript in your browser to complete this form.<\/noscript><div class=\"wpforms-field-container\"><div id=\"wpforms-2763-field_3-container\" class=\"wpforms-field wpforms-field-name wpforms-one-half wpforms-first\" data-field-id=\"3\"><label class=\"wpforms-field-label wpforms-label-hide\" for=\"wpforms-2763-field_3\">Namn\/Name <span class=\"wpforms-required-label\">*<\/span><\/label><input type=\"text\" id=\"wpforms-2763-field_3\" class=\"wpforms-field-large wpforms-field-required\" name=\"wpforms[fields][3]\" placeholder=\"Namn\/Name\" required><\/div><div id=\"wpforms-2763-field_2-container\" class=\"wpforms-field wpforms-field-email wpforms-one-half\" data-field-id=\"2\"><label class=\"wpforms-field-label wpforms-label-hide\" for=\"wpforms-2763-field_2\">E-post\/Email <span class=\"wpforms-required-label\">*<\/span><\/label><input type=\"email\" id=\"wpforms-2763-field_2\" class=\"wpforms-field-large wpforms-field-required\" name=\"wpforms[fields][2]\" placeholder=\"E-post\/Email\" spellcheck=\"false\" required><\/div><div id=\"wpforms-2763-field_4-container\" class=\"wpforms-field wpforms-field-text\" data-field-id=\"4\"><label class=\"wpforms-field-label wpforms-label-hide\" for=\"wpforms-2763-field_4\">\u00c4mne\/Subject <span class=\"wpforms-required-label\">*<\/span><\/label><input type=\"text\" id=\"wpforms-2763-field_4\" class=\"wpforms-field-large wpforms-field-required\" name=\"wpforms[fields][4]\" placeholder=\"\u00c4mne\/Subject\" required><\/div><div id=\"wpforms-2763-field_5-container\" class=\"wpforms-field wpforms-field-textarea\" data-field-id=\"5\"><label class=\"wpforms-field-label wpforms-label-hide\" for=\"wpforms-2763-field_5\">Meddelande\/Message<\/label><textarea id=\"wpforms-2763-field_5\" class=\"wpforms-field-large\" name=\"wpforms[fields][5]\" placeholder=\"Meddelande\/Message\" ><\/textarea><\/div><div id=\"wpforms-2763-field_1-container\" class=\"wpforms-field wpforms-field-gdpr-checkbox wpforms-two-thirds wpforms-first wpforms-one-half\" data-field-id=\"1\"><label class=\"wpforms-field-label\">GDPR Agreement <span class=\"wpforms-required-label\">*<\/span><\/label><ul id=\"wpforms-2763-field_1\" class=\"wpforms-field-required\"><li class=\"choice-1\"><input type=\"checkbox\" id=\"wpforms-2763-field_1_1\" name=\"wpforms[fields][1][]\" value=\" Jag godk\u00e4nner att den h\u00e4r webbplatsen lagrar min skickade information s\u00e5 att de kan svara p\u00e5 min f\u00f6rfr\u00e5gan.\/I consent to having this website store my submitted information so they can respond to my inquiry.\" required ><label class=\"wpforms-field-label-inline\" for=\"wpforms-2763-field_1_1\"> Jag godk\u00e4nner att den h\u00e4r webbplatsen lagrar min skickade information s\u00e5 att de kan svara p\u00e5 min f\u00f6rfr\u00e5gan.\/I consent to having this website store my submitted information so they can respond to my inquiry.<\/label><\/li><\/ul><\/div><\/div><!-- .wpforms-field-container --><div class=\"wpforms-field wpforms-field-hp\"><label for=\"wpforms-2763-field-hp\" class=\"wpforms-field-label\">Comment<\/label><input type=\"text\" name=\"wpforms[hp]\" id=\"wpforms-2763-field-hp\" class=\"wpforms-field-medium\"><\/div><div class=\"wpforms-recaptcha-container wpforms-is-recaptcha wpforms-is-recaptcha-type-v3\" ><input type=\"hidden\" name=\"wpforms[recaptcha]\" value=\"\"><\/div><div class=\"wpforms-submit-container\" ><input type=\"hidden\" name=\"wpforms[id]\" value=\"2763\"><input type=\"hidden\" name=\"page_title\" value=\"\"><input type=\"hidden\" name=\"page_url\" value=\"https:\/\/xn--fiskecentrumsaxns-5qb.se\/en\/wp-json\/wp\/v2\/pages\/1479\"><input type=\"hidden\" name=\"url_referer\" value=\"\"><button type=\"submit\" name=\"wpforms[submit]\" id=\"wpforms-submit-2763\" class=\"wpforms-submit\" data-alt-text=\"Sending...\" data-submit-text=\"Skicka\/Send\" aria-live=\"assertive\" value=\"wpforms-submit\">Skicka\/Send<\/button><\/div><\/form><\/div>  <!-- .wpforms-container -->\n<\/div>\n<\/div>\n\n\n<p><iframe data-src=\"https:\/\/www.google.com\/maps\/d\/embed?mid=1QgyhG3Mam-BBTpTpiUBiWe9IG-_clEaw\" width=\"640\" height=\"480\" src=\"data:image\/svg+xml;base64,PHN2ZyB3aWR0aD0iMSIgaGVpZ2h0PSIxIiB4bWxucz0iaHR0cDovL3d3dy53My5vcmcvMjAwMC9zdmciPjwvc3ZnPg==\" class=\"lazyload\" data-load-mode=\"1\"><\/iframe><\/p>\n","protected":false},"excerpt":{"rendered":"<p>Phone +46940-700 44 Phone is open 09:00-18:00 every day. Fill in this information for booking Type of accomendation\/package Time you wish to come Number of guests Email<\/p>\n","protected":false},"author":1,"featured_media":0,"parent":0,"menu_order":0,"comment_status":"closed","ping_status":"closed","template":"","meta":{"footnotes":""},"class_list":["post-1479","page","type-page","status-publish","hentry"],"yoast_head":"<!-- This site is optimized with the Yoast SEO plugin v27.4 - https:\/\/yoast.com\/product\/yoast-seo-wordpress\/ -->\n<title>Contact<\/title>\n<meta name=\"description\" content=\"Kultsj\u00f6g\u00e5rden och Fiskecentrums tel: 0940-700 44 telefontid dagl. 09:00-18.00. \u00d6ppettiderna f\u00f6ljer Marsfj\u00e4llshandlarn och varierar med s\u00e4song.\" \/>\n<meta name=\"robots\" content=\"index, follow, max-snippet:-1, max-image-preview:large, max-video-preview:-1\" \/>\n<link rel=\"canonical\" href=\"https:\/\/xn--fiskecentrumsaxns-5qb.se\/en\/kontakt\/\" \/>\n<meta property=\"og:locale\" content=\"en_US\" \/>\n<meta property=\"og:locale:alternate\" content=\"sv_SE\" \/>\n<meta property=\"og:type\" content=\"article\" \/>\n<meta property=\"og:title\" content=\"Contact\" \/>\n<meta property=\"og:description\" content=\"Kultsj\u00f6g\u00e5rden och Fiskecentrums tel: 0940-700 44 telefontid dagl. 09:00-18.00. \u00d6ppettiderna f\u00f6ljer Marsfj\u00e4llshandlarn och varierar med s\u00e4song.\" \/>\n<meta property=\"og:url\" content=\"https:\/\/xn--fiskecentrumsaxns-5qb.se\/en\/kontakt\/\" \/>\n<meta property=\"og:site_name\" content=\"Kultsj\u00f6g\u00e5rden Fiskecentrum Saxn\u00e4s\" \/>\n<meta property=\"article:publisher\" content=\"https:\/\/www.facebook.com\/Kultsj%c3%b6g%c3%a5rden-113452636861148\/\" \/>\n<meta property=\"article:modified_time\" content=\"2022-01-15T15:01:34+00:00\" \/>\n<meta name=\"twitter:card\" content=\"summary_large_image\" \/>\n<meta name=\"twitter:label1\" content=\"Est. reading time\" \/>\n\t<meta name=\"twitter:data1\" content=\"1 minute\" \/>\n<script type=\"application\/ld+json\" class=\"yoast-schema-graph\">{\"@context\":\"https:\\\/\\\/schema.org\",\"@graph\":[{\"@type\":\"WebPage\",\"@id\":\"https:\\\/\\\/xn--fiskecentrumsaxns-5qb.se\\\/kontakt\\\/\",\"url\":\"https:\\\/\\\/xn--fiskecentrumsaxns-5qb.se\\\/kontakt\\\/\",\"name\":\"Contact\",\"isPartOf\":{\"@id\":\"https:\\\/\\\/xn--fiskecentrumsaxns-5qb.se\\\/#website\"},\"datePublished\":\"2019-05-07T14:42:05+00:00\",\"dateModified\":\"2022-01-15T15:01:34+00:00\",\"description\":\"Kultsj\u00f6g\u00e5rden och Fiskecentrums tel: 0940-700 44 telefontid dagl. 09:00-18.00. \u00d6ppettiderna f\u00f6ljer Marsfj\u00e4llshandlarn och varierar med s\u00e4song.\",\"breadcrumb\":{\"@id\":\"https:\\\/\\\/xn--fiskecentrumsaxns-5qb.se\\\/kontakt\\\/#breadcrumb\"},\"inLanguage\":\"en-US\",\"potentialAction\":[{\"@type\":\"ReadAction\",\"target\":[\"https:\\\/\\\/xn--fiskecentrumsaxns-5qb.se\\\/kontakt\\\/\"]}]},{\"@type\":\"BreadcrumbList\",\"@id\":\"https:\\\/\\\/xn--fiskecentrumsaxns-5qb.se\\\/kontakt\\\/#breadcrumb\",\"itemListElement\":[{\"@type\":\"ListItem\",\"position\":1,\"name\":\"Hem\",\"item\":\"https:\\\/\\\/xn--fiskecentrumsaxns-5qb.se\\\/\"},{\"@type\":\"ListItem\",\"position\":2,\"name\":\"Kontakt\"}]},{\"@type\":\"WebSite\",\"@id\":\"https:\\\/\\\/xn--fiskecentrumsaxns-5qb.se\\\/#website\",\"url\":\"https:\\\/\\\/xn--fiskecentrumsaxns-5qb.se\\\/\",\"name\":\"Kultsj\u00f6g\u00e5rden Fiskecentrum Saxn\u00e4s\",\"description\":\"Ditt hem i fj\u00e4llen\",\"publisher\":{\"@id\":\"https:\\\/\\\/xn--fiskecentrumsaxns-5qb.se\\\/#organization\"},\"potentialAction\":[{\"@type\":\"SearchAction\",\"target\":{\"@type\":\"EntryPoint\",\"urlTemplate\":\"https:\\\/\\\/xn--fiskecentrumsaxns-5qb.se\\\/?s={search_term_string}\"},\"query-input\":{\"@type\":\"PropertyValueSpecification\",\"valueRequired\":true,\"valueName\":\"search_term_string\"}}],\"inLanguage\":\"en-US\"},{\"@type\":\"Organization\",\"@id\":\"https:\\\/\\\/xn--fiskecentrumsaxns-5qb.se\\\/#organization\",\"name\":\"Kultsj\u00f6g\u00e5rden Fiskecentrum Saxn\u00e4s\",\"url\":\"https:\\\/\\\/xn--fiskecentrumsaxns-5qb.se\\\/\",\"logo\":{\"@type\":\"ImageObject\",\"inLanguage\":\"en-US\",\"@id\":\"https:\\\/\\\/xn--fiskecentrumsaxns-5qb.se\\\/#\\\/schema\\\/logo\\\/image\\\/\",\"url\":\"https:\\\/\\\/xn--fiskecentrumsaxns-5qb.se\\\/wp-content\\\/uploads\\\/2019\\\/05\\\/cropped-Kultsj\u00f6g\u00e5rden1212.jpg\",\"contentUrl\":\"https:\\\/\\\/xn--fiskecentrumsaxns-5qb.se\\\/wp-content\\\/uploads\\\/2019\\\/05\\\/cropped-Kultsj\u00f6g\u00e5rden1212.jpg\",\"width\":713,\"height\":260,\"caption\":\"Kultsj\u00f6g\u00e5rden Fiskecentrum Saxn\u00e4s\"},\"image\":{\"@id\":\"https:\\\/\\\/xn--fiskecentrumsaxns-5qb.se\\\/#\\\/schema\\\/logo\\\/image\\\/\"},\"sameAs\":[\"https:\\\/\\\/www.facebook.com\\\/Kultsj\u00f6g\u00e5rden-113452636861148\\\/\"]}]}<\/script>\n<!-- \/ Yoast SEO plugin. -->","yoast_head_json":{"title":"Contact","description":"Kultsj\u00f6g\u00e5rden och Fiskecentrums tel: 0940-700 44 telefontid dagl. 09:00-18.00. \u00d6ppettiderna f\u00f6ljer Marsfj\u00e4llshandlarn och varierar med s\u00e4song.","robots":{"index":"index","follow":"follow","max-snippet":"max-snippet:-1","max-image-preview":"max-image-preview:large","max-video-preview":"max-video-preview:-1"},"canonical":"https:\/\/xn--fiskecentrumsaxns-5qb.se\/en\/kontakt\/","og_locale":"en_US","og_type":"article","og_title":"[:en]Contact[:sv]Kontakt[:] - Kultsj\u00f6g\u00e5rden Fiskecentrum Saxn\u00e4s","og_description":"Kultsj\u00f6g\u00e5rden och Fiskecentrums tel: 0940-700 44 telefontid dagl. 09:00-18.00. \u00d6ppettiderna f\u00f6ljer Marsfj\u00e4llshandlarn och varierar med s\u00e4song.","og_url":"https:\/\/xn--fiskecentrumsaxns-5qb.se\/en\/kontakt\/","og_site_name":"Kultsj\u00f6g\u00e5rden Fiskecentrum Saxn\u00e4s","article_publisher":"https:\/\/www.facebook.com\/Kultsj%c3%b6g%c3%a5rden-113452636861148\/","article_modified_time":"2022-01-15T15:01:34+00:00","twitter_card":"summary_large_image","twitter_misc":{"Est. reading time":"1 minute"},"schema":{"@context":"https:\/\/schema.org","@graph":[{"@type":"WebPage","@id":"https:\/\/xn--fiskecentrumsaxns-5qb.se\/kontakt\/","url":"https:\/\/xn--fiskecentrumsaxns-5qb.se\/kontakt\/","name":"Contact","isPartOf":{"@id":"https:\/\/xn--fiskecentrumsaxns-5qb.se\/#website"},"datePublished":"2019-05-07T14:42:05+00:00","dateModified":"2022-01-15T15:01:34+00:00","description":"Kultsj\u00f6g\u00e5rden och Fiskecentrums tel: 0940-700 44 telefontid dagl. 09:00-18.00. \u00d6ppettiderna f\u00f6ljer Marsfj\u00e4llshandlarn och varierar med s\u00e4song.","breadcrumb":{"@id":"https:\/\/xn--fiskecentrumsaxns-5qb.se\/kontakt\/#breadcrumb"},"inLanguage":"en-US","potentialAction":[{"@type":"ReadAction","target":["https:\/\/xn--fiskecentrumsaxns-5qb.se\/kontakt\/"]}]},{"@type":"BreadcrumbList","@id":"https:\/\/xn--fiskecentrumsaxns-5qb.se\/kontakt\/#breadcrumb","itemListElement":[{"@type":"ListItem","position":1,"name":"Hem","item":"https:\/\/xn--fiskecentrumsaxns-5qb.se\/"},{"@type":"ListItem","position":2,"name":"Kontakt"}]},{"@type":"WebSite","@id":"https:\/\/xn--fiskecentrumsaxns-5qb.se\/#website","url":"https:\/\/xn--fiskecentrumsaxns-5qb.se\/","name":"Kultsj\u00f6g\u00e5rden Fiskecentrum Saxn\u00e4s","description":"Ditt hem i fj\u00e4llen","publisher":{"@id":"https:\/\/xn--fiskecentrumsaxns-5qb.se\/#organization"},"potentialAction":[{"@type":"SearchAction","target":{"@type":"EntryPoint","urlTemplate":"https:\/\/xn--fiskecentrumsaxns-5qb.se\/?s={search_term_string}"},"query-input":{"@type":"PropertyValueSpecification","valueRequired":true,"valueName":"search_term_string"}}],"inLanguage":"en-US"},{"@type":"Organization","@id":"https:\/\/xn--fiskecentrumsaxns-5qb.se\/#organization","name":"Kultsj\u00f6g\u00e5rden Fiskecentrum Saxn\u00e4s","url":"https:\/\/xn--fiskecentrumsaxns-5qb.se\/","logo":{"@type":"ImageObject","inLanguage":"en-US","@id":"https:\/\/xn--fiskecentrumsaxns-5qb.se\/#\/schema\/logo\/image\/","url":"https:\/\/xn--fiskecentrumsaxns-5qb.se\/wp-content\/uploads\/2019\/05\/cropped-Kultsj\u00f6g\u00e5rden1212.jpg","contentUrl":"https:\/\/xn--fiskecentrumsaxns-5qb.se\/wp-content\/uploads\/2019\/05\/cropped-Kultsj\u00f6g\u00e5rden1212.jpg","width":713,"height":260,"caption":"Kultsj\u00f6g\u00e5rden Fiskecentrum Saxn\u00e4s"},"image":{"@id":"https:\/\/xn--fiskecentrumsaxns-5qb.se\/#\/schema\/logo\/image\/"},"sameAs":["https:\/\/www.facebook.com\/Kultsj\u00f6g\u00e5rden-113452636861148\/"]}]}},"_links":{"self":[{"href":"https:\/\/xn--fiskecentrumsaxns-5qb.se\/en\/wp-json\/wp\/v2\/pages\/1479","targetHints":{"allow":["GET"]}}],"collection":[{"href":"https:\/\/xn--fiskecentrumsaxns-5qb.se\/en\/wp-json\/wp\/v2\/pages"}],"about":[{"href":"https:\/\/xn--fiskecentrumsaxns-5qb.se\/en\/wp-json\/wp\/v2\/types\/page"}],"author":[{"embeddable":true,"href":"https:\/\/xn--fiskecentrumsaxns-5qb.se\/en\/wp-json\/wp\/v2\/users\/1"}],"replies":[{"embeddable":true,"href":"https:\/\/xn--fiskecentrumsaxns-5qb.se\/en\/wp-json\/wp\/v2\/comments?post=1479"}],"version-history":[{"count":45,"href":"https:\/\/xn--fiskecentrumsaxns-5qb.se\/en\/wp-json\/wp\/v2\/pages\/1479\/revisions"}],"predecessor-version":[{"id":4386,"href":"https:\/\/xn--fiskecentrumsaxns-5qb.se\/en\/wp-json\/wp\/v2\/pages\/1479\/revisions\/4386"}],"wp:attachment":[{"href":"https:\/\/xn--fiskecentrumsaxns-5qb.se\/en\/wp-json\/wp\/v2\/media?parent=1479"}],"curies":[{"name":"wp","href":"https:\/\/api.w.org\/{rel}","templated":true}]}}