{"id":3557,"date":"2021-11-15T16:19:15","date_gmt":"2021-11-15T16:19:15","guid":{"rendered":"https:\/\/xn--fiskecentrumsaxns-5qb.se\/?page_id=3557"},"modified":"2022-12-09T10:30:14","modified_gmt":"2022-12-09T10:30:14","slug":"jakt","status":"publish","type":"page","link":"https:\/\/xn--fiskecentrumsaxns-5qb.se\/en\/jakt\/","title":{"rendered":"Hunting"},"content":{"rendered":"\n<p><\/p>\n\n\n\n<hr class=\"wp-block-separator has-css-opacity\"\/>\n\n\n\n<h2 class=\"wp-block-heading\" id=\"jaga-i-saxnas-med-omnejd\">To hunt\/ to shoot in Saxn\u00e4s and surrounding area<\/h2>\n\n\n\n<figure class=\"wp-block-gallery has-nested-images columns-default is-cropped wp-block-gallery-1 is-layout-flex wp-block-gallery-is-layout-flex\">\n<figure class=\"wp-block-image size-large\"><img fetchpriority=\"high\" decoding=\"async\" width=\"800\" height=\"450\" data-id=\"3584\" src=\"https:\/\/xn--fiskecentrumsaxns-5qb.se\/wp-content\/uploads\/2021\/11\/200600919-edited.jpg\" alt=\"\" class=\"wp-image-3584\" srcset=\"https:\/\/xn--fiskecentrumsaxns-5qb.se\/wp-content\/uploads\/2021\/11\/200600919-edited.jpg 800w, https:\/\/xn--fiskecentrumsaxns-5qb.se\/wp-content\/uploads\/2021\/11\/200600919-edited-300x169.jpg 300w, https:\/\/xn--fiskecentrumsaxns-5qb.se\/wp-content\/uploads\/2021\/11\/200600919-edited-768x432.jpg 768w\" sizes=\"(max-width: 800px) 100vw, 800px\" \/><figcaption class=\"wp-element-caption\">H\u00f6st-jakt<\/figcaption><\/figure>\n\n\n\n<figure class=\"wp-block-image size-large\"><img decoding=\"async\" width=\"800\" height=\"533\" data-id=\"2568\" data-src=\"https:\/\/xn--fiskecentrumsaxns-5qb.se\/wp-content\/uploads\/2020\/01\/201300085.jpg\" alt=\"\" class=\"wp-image-2568 lazyload\" data-srcset=\"https:\/\/xn--fiskecentrumsaxns-5qb.se\/wp-content\/uploads\/2020\/01\/201300085.jpg 800w, https:\/\/xn--fiskecentrumsaxns-5qb.se\/wp-content\/uploads\/2020\/01\/201300085-300x200.jpg 300w, https:\/\/xn--fiskecentrumsaxns-5qb.se\/wp-content\/uploads\/2020\/01\/201300085-768x512.jpg 768w, https:\/\/xn--fiskecentrumsaxns-5qb.se\/wp-content\/uploads\/2020\/01\/201300085-360x240.jpg 360w\" data-sizes=\"(max-width: 800px) 100vw, 800px\" src=\"data:image\/svg+xml;base64,PHN2ZyB3aWR0aD0iMSIgaGVpZ2h0PSIxIiB4bWxucz0iaHR0cDovL3d3dy53My5vcmcvMjAwMC9zdmciPjwvc3ZnPg==\" style=\"--smush-placeholder-width: 800px; --smush-placeholder-aspect-ratio: 800\/533;\" \/><figcaption class=\"wp-element-caption\">Vinter-jakt<\/figcaption><\/figure>\n<\/figure>\n\n\n\n<h3 class=\"wp-block-heading\" id=\"hosten-och-vintern-ar-jagarens-arstider-i-de-fjallnara-skogarna-runt-saxnas\">The Autumn and the winter are the seasons for the hunter in the forests close to the mountains surrounding Saxn\u00e4s.<\/h3>\n\n\n\n<p>Regardless if you are scouting for willow grouse or ptarmigan in the mountain terrain or for capercaillie and black grouse in the forest; it\u00b4s a great hunting adventure to experience.<\/p>\n\n\n\n<p>The experience of hiking over mountain moors surrounded by the splendor of autumn or skiing through forests wich are heavy with snow are amazing. <\/p>\n\n\n\n<p>The mountain terrain around Saxn\u00e4s is characterized by it\u00b4s easy accessibility.  The grounds are easy to hike and are easily reached by car and a short hike or by skis.  You will find the traditional birch-dominated forests close to the mountains and at  &#8220;allm\u00e4nningens&#8221; woodlands it will mostly consist of spruce forests with elements of bogs and clearings.<\/p>\n\n\n\n<p>You can combine your hunting with accommodation in our cabins or rooms at <a href=\"https:\/\/xn--fiskecentrumsaxns-5qb.se\/boende\/\">Kultsj\u00f6g\u00e5rden<\/a> in Saxn\u00e4s. Shooting license for the &#8220;statens&#8221; and  &#8220;allm\u00e4ninngens&#8221; grounds are available for purchase at our shop: <strong>Fiskecentrum i Saxn\u00e4s<\/strong>.<\/p>\n\n\n\n<p><strong>Dates for small game hunting<\/strong><\/p>\n\n\n\n<ul class=\"wp-block-list\">\n<li>25\/8 \u2013 15\/3 willow grouse and ptarmigan are allowed to shoot during the entire period.<\/li>\n\n\n\n<li>25\/8 \u2013 15\/11 Black grouse, Capercaillie &#038; yarrow: both female and male are legal to shoot.<\/li>\n\n\n\n<li>16\/11 \u2013 31\/1 only roosters in tree tops may be shot, hens are protected.<\/li>\n\n\n\n<li>1\/9-28\/2 Hare<\/li>\n<\/ul>\n\n\n\n<p><strong>Fiskecentrum<\/strong> and <a href=\"https:\/\/xn--fiskecentrumsaxns-5qb.se\/boende\/\">Kultsj\u00f6g\u00e5rdens<\/a> reception are situated in the convenience store&nbsp;<a href=\"https:\/\/www.marsfjallshandlarn.se\/\">Marsfj\u00e4llshandlarn<\/a>. Here you have the opportunity to buy food, souvenirs, fishing- and outdoor equipment, petrol and some car accessories too.<\/p>\n\n\n\n<h2 class=\"wp-block-heading\" id=\"jaktpaket-i-saxnas-for-ripjakt-eller-toppjakt-3-eller-5-dagar\">HUNTING PACKAGE for 3 or 5 days<\/h2>\n\n\n\n<figure class=\"wp-block-gallery has-nested-images columns-default is-cropped wp-block-gallery-2 is-layout-flex wp-block-gallery-is-layout-flex\">\n<figure class=\"wp-block-image size-large\"><img decoding=\"async\" width=\"800\" height=\"533\" data-id=\"2569\" data-src=\"https:\/\/xn--fiskecentrumsaxns-5qb.se\/wp-content\/uploads\/2020\/01\/200300178.jpg\" alt=\"\" class=\"wp-image-2569 lazyload\" data-srcset=\"https:\/\/xn--fiskecentrumsaxns-5qb.se\/wp-content\/uploads\/2020\/01\/200300178.jpg 800w, https:\/\/xn--fiskecentrumsaxns-5qb.se\/wp-content\/uploads\/2020\/01\/200300178-300x200.jpg 300w, https:\/\/xn--fiskecentrumsaxns-5qb.se\/wp-content\/uploads\/2020\/01\/200300178-768x512.jpg 768w, https:\/\/xn--fiskecentrumsaxns-5qb.se\/wp-content\/uploads\/2020\/01\/200300178-360x240.jpg 360w\" data-sizes=\"(max-width: 800px) 100vw, 800px\" src=\"data:image\/svg+xml;base64,PHN2ZyB3aWR0aD0iMSIgaGVpZ2h0PSIxIiB4bWxucz0iaHR0cDovL3d3dy53My5vcmcvMjAwMC9zdmciPjwvc3ZnPg==\" style=\"--smush-placeholder-width: 800px; --smush-placeholder-aspect-ratio: 800\/533;\" \/><\/figure>\n\n\n\n<figure class=\"wp-block-image size-large\"><img decoding=\"async\" width=\"800\" height=\"533\" data-id=\"2564\" data-src=\"https:\/\/xn--fiskecentrumsaxns-5qb.se\/wp-content\/uploads\/2020\/01\/201500134.jpg\" alt=\"\" class=\"wp-image-2564 lazyload\" data-srcset=\"https:\/\/xn--fiskecentrumsaxns-5qb.se\/wp-content\/uploads\/2020\/01\/201500134.jpg 800w, https:\/\/xn--fiskecentrumsaxns-5qb.se\/wp-content\/uploads\/2020\/01\/201500134-300x200.jpg 300w, https:\/\/xn--fiskecentrumsaxns-5qb.se\/wp-content\/uploads\/2020\/01\/201500134-768x512.jpg 768w, https:\/\/xn--fiskecentrumsaxns-5qb.se\/wp-content\/uploads\/2020\/01\/201500134-360x240.jpg 360w\" data-sizes=\"(max-width: 800px) 100vw, 800px\" src=\"data:image\/svg+xml;base64,PHN2ZyB3aWR0aD0iMSIgaGVpZ2h0PSIxIiB4bWxucz0iaHR0cDovL3d3dy53My5vcmcvMjAwMC9zdmciPjwvc3ZnPg==\" style=\"--smush-placeholder-width: 800px; --smush-placeholder-aspect-ratio: 800\/533;\" \/><\/figure>\n\n\n\n<figure class=\"wp-block-image size-large\"><img decoding=\"async\" width=\"800\" height=\"533\" data-id=\"2563\" data-src=\"https:\/\/xn--fiskecentrumsaxns-5qb.se\/wp-content\/uploads\/2020\/01\/200300174.jpg\" alt=\"\" class=\"wp-image-2563 lazyload\" data-srcset=\"https:\/\/xn--fiskecentrumsaxns-5qb.se\/wp-content\/uploads\/2020\/01\/200300174.jpg 800w, https:\/\/xn--fiskecentrumsaxns-5qb.se\/wp-content\/uploads\/2020\/01\/200300174-300x200.jpg 300w, https:\/\/xn--fiskecentrumsaxns-5qb.se\/wp-content\/uploads\/2020\/01\/200300174-768x512.jpg 768w, https:\/\/xn--fiskecentrumsaxns-5qb.se\/wp-content\/uploads\/2020\/01\/200300174-360x240.jpg 360w\" data-sizes=\"(max-width: 800px) 100vw, 800px\" src=\"data:image\/svg+xml;base64,PHN2ZyB3aWR0aD0iMSIgaGVpZ2h0PSIxIiB4bWxucz0iaHR0cDovL3d3dy53My5vcmcvMjAwMC9zdmciPjwvc3ZnPg==\" style=\"--smush-placeholder-width: 800px; --smush-placeholder-aspect-ratio: 800\/533;\" \/><\/figure>\n<\/figure>\n\n\n\n<h3 class=\"wp-block-heading\" id=\"for-dig-som-onskar-ett-fardigt-paket-och-vill-slippa-soka-upp-den-basta-jakten-sjalva\">The hunting package includes:<\/h3>\n\n\n\n<p><\/p>\n\n\n\n<ul class=\"wp-block-list\">\n<li>Self-catering accommodation for 3 or 5 nights..<\/li>\n\n\n\n<li>Introduction, map and hunting license for public hunting grounds (statens) 3 or 5 days.<\/li>\n<\/ul>\n\n\n\n<p><strong>Travel information<\/strong><\/p>\n\n\n\n<ul class=\"wp-block-list\">\n<li><strong>Day 1<\/strong>: Arrival in Saxn\u00e4s and check in at your chosen accommodation. You will get an introduction to the hunting in the area with one of our guides. You will receive a map, information material and hunting license for the area for 3 or 5 days.<\/li>\n\n\n\n<li><strong>Day 2-5<\/strong>: Time to hunt on your own in the area based on weather, wind and other current conditions. You can get further information and suggestions every day from our guide at Fiskecentrum.<\/li>\n\n\n\n<li>Please do the final cleaning and check out on your departure day before 11:00<\/li>\n\n\n\n<li>Dates: 25\/8-15\/11 for autumn or 15\/11-15\/3 for winter with snow.<\/li>\n<\/ul>\n\n\n\n<p><strong>Stay comfortably with our add on\u00b4s:<\/strong><\/p>\n\n\n\n<ul class=\"wp-block-list\">\n<li>Book final cleaning of your cabin or room.\u00a0( A cleaning fee will be charged later if the cabin or room are left untidy)<\/li>\n\n\n\n<li>Rent bed linen including towels for your stay.<\/li>\n\n\n\n<li>Do not want to make the bed? Add this and we will make the bed for you &#8211; ready to use at your arrival.<\/li>\n<\/ul>\n\n\n\n<p><strong>Good to know<\/strong>: <\/p>\n\n\n\n<p>In most of our accommodations, you are allowed to bring your dog with you. Please remember to bring your dogs own bowls and beds. We do not want you to use the equipment in the kitchen for serving your pets food or let your pet sleep och lay down in tne cabins\/rooms beds. <\/p>\n\n\n\n<p><strong>Suggestions for things to bring with you to make it a great hunting day:<\/strong><\/p>\n\n\n\n<ul class=\"wp-block-list\">\n<li>Clothes according the weather conditions<\/li>\n\n\n\n<li>Skis \/ poles<\/li>\n\n\n\n<li>Ski skin (Stighudar)<\/li>\n\n\n\n<li>thermos flask for hot drinks<\/li>\n\n\n\n<li>binoculars<\/li>\n\n\n\n<li>insurance<\/li>\n\n\n\n<li>weapon<\/li>\n\n\n\n<li>Shooting license<\/li>\n\n\n\n<li>Food and snacks<\/li>\n\n\n\n<li>Something to drink<\/li>\n\n\n\n<li>Map, compass and GPS<\/li>\n\n\n\n<li>If you are going out alone, remember to leave us a note about where you are headed and about what time you think you will be back. It is for your own safety so we know when and where to look for you if you do not come back.<\/li>\n<\/ul>\n\n\n\n<h4 class=\"has-text-align-center wp-block-heading\" id=\"for-bokning-fyll-i-kontaktformular-nedan\">Please fill in the form below with your preferences about dates and number of guests and we will be in touch with suggestions for your visit.<\/h4>\n\n\n\n<h4 class=\"has-text-align-center wp-block-heading\" id=\"datum-antal-dygn-antal-personer\"> (dates, number of days, how many guests)<\/h4>\n\n\n\n<div class=\"wp-block-buttons is-horizontal is-content-justification-center is-layout-flex wp-container-core-buttons-is-layout-499968f5 wp-block-buttons-is-layout-flex\">\n<div class=\"wp-block-button\"><a class=\"wp-block-button__link has-white-color has-accent-background-color has-text-color has-background wp-element-button\" href=\"http:\/\/xn--fiskecentrumsaxns-5qb.se\/kontakt\/\" target=\"_blank\" rel=\"noreferrer noopener\">contact us<\/a><\/div>\n<\/div>\n\n\n\n<div class=\"wp-block-buttons alignfull is-horizontal is-content-justification-center is-layout-flex wp-container-core-buttons-is-layout-499968f5 wp-block-buttons-is-layout-flex\">\n<div class=\"wp-block-button\"><a class=\"wp-block-button__link has-white-color has-accent-background-color has-text-color has-background wp-element-button\" href=\"https:\/\/xn--fiskecentrumsaxns-5qb.se\/boende\/\">read more about the accomondations<\/a><\/div>\n<\/div>\n\n\n\n<p><\/p>\n","protected":false},"excerpt":{"rendered":"<p>To hunt\/ to shoot in Saxn\u00e4s and surrounding area The Autumn and the winter are the seasons for the hunter in the forests close to the mountains surrounding Saxn\u00e4s. Regardless if you are scouting for willow grouse or ptarmigan in the mountain terrain or for capercaillie and black grouse in [&hellip;]<\/p>\n","protected":false},"author":3,"featured_media":0,"parent":0,"menu_order":0,"comment_status":"closed","ping_status":"closed","template":"","meta":{"footnotes":""},"class_list":["post-3557","page","type-page","status-publish","hentry"],"yoast_head":"<!-- This site is optimized with the Yoast SEO plugin v27.6 - https:\/\/yoast.com\/product\/yoast-seo-wordpress\/ -->\n<title>Hunting<\/title>\n<meta name=\"description\" content=\"Want to be scouting for willow grouse or ptarmigan in the mountain terrain or for capercaillie and black grouse in the forest?\" \/>\n<meta name=\"robots\" content=\"index, follow, max-snippet:-1, max-image-preview:large, max-video-preview:-1\" \/>\n<link rel=\"canonical\" href=\"https:\/\/xn--fiskecentrumsaxns-5qb.se\/en\/jakt\/\" \/>\n<meta property=\"og:locale\" content=\"en_US\" \/>\n<meta property=\"og:locale:alternate\" content=\"sv_SE\" \/>\n<meta property=\"og:type\" content=\"article\" \/>\n<meta property=\"og:title\" content=\"Hunting\" \/>\n<meta property=\"og:description\" content=\"Jaga i Saxn\u00e4s. Spana p\u00e5 Dal eller Fj\u00e4llripa i fj\u00e4llterr\u00e4ngen eller Tj\u00e4der och Orrtuppar i den fj\u00e4lln\u00e4ra skogen. Ett storslaget jakt\u00e4ventyr.\" \/>\n<meta property=\"og:url\" content=\"https:\/\/xn--fiskecentrumsaxns-5qb.se\/en\/jakt\/\" \/>\n<meta property=\"og:site_name\" content=\"Kultsj\u00f6g\u00e5rden Fiskecentrum Saxn\u00e4s\" \/>\n<meta property=\"article:publisher\" content=\"https:\/\/www.facebook.com\/Kultsj%c3%b6g%c3%a5rden-113452636861148\/\" \/>\n<meta property=\"article:modified_time\" content=\"2022-12-09T10:30:14+00:00\" \/>\n<meta property=\"og:image\" content=\"https:\/\/xn--fiskecentrumsaxns-5qb.se\/wp-content\/uploads\/2021\/11\/200600919-edited.jpg\" \/>\n<meta name=\"twitter:card\" content=\"summary_large_image\" \/>\n<meta name=\"twitter:label1\" content=\"Est. reading time\" \/>\n\t<meta name=\"twitter:data1\" content=\"5 minutes\" \/>\n<script type=\"application\/ld+json\" class=\"yoast-schema-graph\">{\"@context\":\"https:\\\/\\\/schema.org\",\"@graph\":[{\"@type\":\"WebPage\",\"@id\":\"https:\\\/\\\/xn--fiskecentrumsaxns-5qb.se\\\/en\\\/jakt\\\/\",\"url\":\"https:\\\/\\\/xn--fiskecentrumsaxns-5qb.se\\\/en\\\/jakt\\\/\",\"name\":\"Hunting\",\"isPartOf\":{\"@id\":\"https:\\\/\\\/xn--fiskecentrumsaxns-5qb.se\\\/#website\"},\"primaryImageOfPage\":{\"@id\":\"https:\\\/\\\/xn--fiskecentrumsaxns-5qb.se\\\/en\\\/jakt\\\/#primaryimage\"},\"image\":{\"@id\":\"https:\\\/\\\/xn--fiskecentrumsaxns-5qb.se\\\/en\\\/jakt\\\/#primaryimage\"},\"thumbnailUrl\":\"https:\\\/\\\/xn--fiskecentrumsaxns-5qb.se\\\/wp-content\\\/uploads\\\/2021\\\/11\\\/200600919-edited.jpg\",\"datePublished\":\"2021-11-15T16:19:15+00:00\",\"dateModified\":\"2022-12-09T10:30:14+00:00\",\"description\":\"Jaga i Saxn\u00e4s. Spana p\u00e5 Dal eller Fj\u00e4llripa i fj\u00e4llterr\u00e4ngen eller Tj\u00e4der och Orrtuppar i den fj\u00e4lln\u00e4ra skogen. Ett storslaget jakt\u00e4ventyr.\",\"breadcrumb\":{\"@id\":\"https:\\\/\\\/xn--fiskecentrumsaxns-5qb.se\\\/en\\\/jakt\\\/#breadcrumb\"},\"inLanguage\":\"en-US\",\"potentialAction\":[{\"@type\":\"ReadAction\",\"target\":[\"https:\\\/\\\/xn--fiskecentrumsaxns-5qb.se\\\/en\\\/jakt\\\/\"]}]},{\"@type\":\"ImageObject\",\"inLanguage\":\"en-US\",\"@id\":\"https:\\\/\\\/xn--fiskecentrumsaxns-5qb.se\\\/en\\\/jakt\\\/#primaryimage\",\"url\":\"https:\\\/\\\/xn--fiskecentrumsaxns-5qb.se\\\/wp-content\\\/uploads\\\/2021\\\/11\\\/200600919-edited.jpg\",\"contentUrl\":\"https:\\\/\\\/xn--fiskecentrumsaxns-5qb.se\\\/wp-content\\\/uploads\\\/2021\\\/11\\\/200600919-edited.jpg\"},{\"@type\":\"BreadcrumbList\",\"@id\":\"https:\\\/\\\/xn--fiskecentrumsaxns-5qb.se\\\/en\\\/jakt\\\/#breadcrumb\",\"itemListElement\":[{\"@type\":\"ListItem\",\"position\":1,\"name\":\"Hem\",\"item\":\"https:\\\/\\\/xn--fiskecentrumsaxns-5qb.se\\\/\"},{\"@type\":\"ListItem\",\"position\":2,\"name\":\"Hunting\"}]},{\"@type\":\"WebSite\",\"@id\":\"https:\\\/\\\/xn--fiskecentrumsaxns-5qb.se\\\/#website\",\"url\":\"https:\\\/\\\/xn--fiskecentrumsaxns-5qb.se\\\/\",\"name\":\"Kultsj\u00f6g\u00e5rden Fiskecentrum Saxn\u00e4s\",\"description\":\"Ditt hem i fj\u00e4llen\",\"publisher\":{\"@id\":\"https:\\\/\\\/xn--fiskecentrumsaxns-5qb.se\\\/#organization\"},\"potentialAction\":[{\"@type\":\"SearchAction\",\"target\":{\"@type\":\"EntryPoint\",\"urlTemplate\":\"https:\\\/\\\/xn--fiskecentrumsaxns-5qb.se\\\/?s={search_term_string}\"},\"query-input\":{\"@type\":\"PropertyValueSpecification\",\"valueRequired\":true,\"valueName\":\"search_term_string\"}}],\"inLanguage\":\"en-US\"},{\"@type\":\"Organization\",\"@id\":\"https:\\\/\\\/xn--fiskecentrumsaxns-5qb.se\\\/#organization\",\"name\":\"Kultsj\u00f6g\u00e5rden Fiskecentrum Saxn\u00e4s\",\"url\":\"https:\\\/\\\/xn--fiskecentrumsaxns-5qb.se\\\/\",\"logo\":{\"@type\":\"ImageObject\",\"inLanguage\":\"en-US\",\"@id\":\"https:\\\/\\\/xn--fiskecentrumsaxns-5qb.se\\\/#\\\/schema\\\/logo\\\/image\\\/\",\"url\":\"https:\\\/\\\/xn--fiskecentrumsaxns-5qb.se\\\/wp-content\\\/uploads\\\/2019\\\/05\\\/cropped-Kultsj\u00f6g\u00e5rden1212.jpg\",\"contentUrl\":\"https:\\\/\\\/xn--fiskecentrumsaxns-5qb.se\\\/wp-content\\\/uploads\\\/2019\\\/05\\\/cropped-Kultsj\u00f6g\u00e5rden1212.jpg\",\"width\":713,\"height\":260,\"caption\":\"Kultsj\u00f6g\u00e5rden Fiskecentrum Saxn\u00e4s\"},\"image\":{\"@id\":\"https:\\\/\\\/xn--fiskecentrumsaxns-5qb.se\\\/#\\\/schema\\\/logo\\\/image\\\/\"},\"sameAs\":[\"https:\\\/\\\/www.facebook.com\\\/Kultsj\u00f6g\u00e5rden-113452636861148\\\/\"]}]}<\/script>\n<!-- \/ Yoast SEO plugin. -->","yoast_head_json":{"title":"Hunting","description":"Want to be scouting for willow grouse or ptarmigan in the mountain terrain or for capercaillie and black grouse in the forest?","robots":{"index":"index","follow":"follow","max-snippet":"max-snippet:-1","max-image-preview":"max-image-preview:large","max-video-preview":"max-video-preview:-1"},"canonical":"https:\/\/xn--fiskecentrumsaxns-5qb.se\/en\/jakt\/","og_locale":"en_US","og_type":"article","og_title":"[:en]Hunting[:sv]Jakt[:] - Kultsj\u00f6g\u00e5rden Fiskecentrum Saxn\u00e4s","og_description":"Jaga i Saxn\u00e4s. Spana p\u00e5 Dal eller Fj\u00e4llripa i fj\u00e4llterr\u00e4ngen eller Tj\u00e4der och Orrtuppar i den fj\u00e4lln\u00e4ra skogen. Ett storslaget jakt\u00e4ventyr.","og_url":"https:\/\/xn--fiskecentrumsaxns-5qb.se\/en\/jakt\/","og_site_name":"Kultsj\u00f6g\u00e5rden Fiskecentrum Saxn\u00e4s","article_publisher":"https:\/\/www.facebook.com\/Kultsj%c3%b6g%c3%a5rden-113452636861148\/","article_modified_time":"2022-12-09T10:30:14+00:00","og_image":[{"url":"https:\/\/xn--fiskecentrumsaxns-5qb.se\/wp-content\/uploads\/2021\/11\/200600919-edited.jpg","type":"","width":"","height":""}],"twitter_card":"summary_large_image","twitter_misc":{"Est. reading time":"5 minutes"},"schema":{"@context":"https:\/\/schema.org","@graph":[{"@type":"WebPage","@id":"https:\/\/xn--fiskecentrumsaxns-5qb.se\/en\/jakt\/","url":"https:\/\/xn--fiskecentrumsaxns-5qb.se\/en\/jakt\/","name":"Hunting","isPartOf":{"@id":"https:\/\/xn--fiskecentrumsaxns-5qb.se\/#website"},"primaryImageOfPage":{"@id":"https:\/\/xn--fiskecentrumsaxns-5qb.se\/en\/jakt\/#primaryimage"},"image":{"@id":"https:\/\/xn--fiskecentrumsaxns-5qb.se\/en\/jakt\/#primaryimage"},"thumbnailUrl":"https:\/\/xn--fiskecentrumsaxns-5qb.se\/wp-content\/uploads\/2021\/11\/200600919-edited.jpg","datePublished":"2021-11-15T16:19:15+00:00","dateModified":"2022-12-09T10:30:14+00:00","description":"Jaga i Saxn\u00e4s. Spana p\u00e5 Dal eller Fj\u00e4llripa i fj\u00e4llterr\u00e4ngen eller Tj\u00e4der och Orrtuppar i den fj\u00e4lln\u00e4ra skogen. Ett storslaget jakt\u00e4ventyr.","breadcrumb":{"@id":"https:\/\/xn--fiskecentrumsaxns-5qb.se\/en\/jakt\/#breadcrumb"},"inLanguage":"en-US","potentialAction":[{"@type":"ReadAction","target":["https:\/\/xn--fiskecentrumsaxns-5qb.se\/en\/jakt\/"]}]},{"@type":"ImageObject","inLanguage":"en-US","@id":"https:\/\/xn--fiskecentrumsaxns-5qb.se\/en\/jakt\/#primaryimage","url":"https:\/\/xn--fiskecentrumsaxns-5qb.se\/wp-content\/uploads\/2021\/11\/200600919-edited.jpg","contentUrl":"https:\/\/xn--fiskecentrumsaxns-5qb.se\/wp-content\/uploads\/2021\/11\/200600919-edited.jpg"},{"@type":"BreadcrumbList","@id":"https:\/\/xn--fiskecentrumsaxns-5qb.se\/en\/jakt\/#breadcrumb","itemListElement":[{"@type":"ListItem","position":1,"name":"Hem","item":"https:\/\/xn--fiskecentrumsaxns-5qb.se\/"},{"@type":"ListItem","position":2,"name":"Hunting"}]},{"@type":"WebSite","@id":"https:\/\/xn--fiskecentrumsaxns-5qb.se\/#website","url":"https:\/\/xn--fiskecentrumsaxns-5qb.se\/","name":"Kultsj\u00f6g\u00e5rden Fiskecentrum Saxn\u00e4s","description":"Ditt hem i fj\u00e4llen","publisher":{"@id":"https:\/\/xn--fiskecentrumsaxns-5qb.se\/#organization"},"potentialAction":[{"@type":"SearchAction","target":{"@type":"EntryPoint","urlTemplate":"https:\/\/xn--fiskecentrumsaxns-5qb.se\/?s={search_term_string}"},"query-input":{"@type":"PropertyValueSpecification","valueRequired":true,"valueName":"search_term_string"}}],"inLanguage":"en-US"},{"@type":"Organization","@id":"https:\/\/xn--fiskecentrumsaxns-5qb.se\/#organization","name":"Kultsj\u00f6g\u00e5rden Fiskecentrum Saxn\u00e4s","url":"https:\/\/xn--fiskecentrumsaxns-5qb.se\/","logo":{"@type":"ImageObject","inLanguage":"en-US","@id":"https:\/\/xn--fiskecentrumsaxns-5qb.se\/#\/schema\/logo\/image\/","url":"https:\/\/xn--fiskecentrumsaxns-5qb.se\/wp-content\/uploads\/2019\/05\/cropped-Kultsj\u00f6g\u00e5rden1212.jpg","contentUrl":"https:\/\/xn--fiskecentrumsaxns-5qb.se\/wp-content\/uploads\/2019\/05\/cropped-Kultsj\u00f6g\u00e5rden1212.jpg","width":713,"height":260,"caption":"Kultsj\u00f6g\u00e5rden Fiskecentrum Saxn\u00e4s"},"image":{"@id":"https:\/\/xn--fiskecentrumsaxns-5qb.se\/#\/schema\/logo\/image\/"},"sameAs":["https:\/\/www.facebook.com\/Kultsj\u00f6g\u00e5rden-113452636861148\/"]}]}},"_links":{"self":[{"href":"https:\/\/xn--fiskecentrumsaxns-5qb.se\/en\/wp-json\/wp\/v2\/pages\/3557","targetHints":{"allow":["GET"]}}],"collection":[{"href":"https:\/\/xn--fiskecentrumsaxns-5qb.se\/en\/wp-json\/wp\/v2\/pages"}],"about":[{"href":"https:\/\/xn--fiskecentrumsaxns-5qb.se\/en\/wp-json\/wp\/v2\/types\/page"}],"author":[{"embeddable":true,"href":"https:\/\/xn--fiskecentrumsaxns-5qb.se\/en\/wp-json\/wp\/v2\/users\/3"}],"replies":[{"embeddable":true,"href":"https:\/\/xn--fiskecentrumsaxns-5qb.se\/en\/wp-json\/wp\/v2\/comments?post=3557"}],"version-history":[{"count":105,"href":"https:\/\/xn--fiskecentrumsaxns-5qb.se\/en\/wp-json\/wp\/v2\/pages\/3557\/revisions"}],"predecessor-version":[{"id":5013,"href":"https:\/\/xn--fiskecentrumsaxns-5qb.se\/en\/wp-json\/wp\/v2\/pages\/3557\/revisions\/5013"}],"wp:attachment":[{"href":"https:\/\/xn--fiskecentrumsaxns-5qb.se\/en\/wp-json\/wp\/v2\/media?parent=3557"}],"curies":[{"name":"wp","href":"https:\/\/api.w.org\/{rel}","templated":true}]}}