{"id":4474,"date":"2022-01-27T13:12:21","date_gmt":"2022-01-27T13:12:21","guid":{"rendered":"https:\/\/xn--fiskecentrumsaxns-5qb.se\/en\/?page_id=4474"},"modified":"2022-05-02T12:23:10","modified_gmt":"2022-05-02T12:23:10","slug":"utflykt","status":"publish","type":"page","link":"https:\/\/xn--fiskecentrumsaxns-5qb.se\/en\/utflykt\/","title":{"rendered":"Utflykter"},"content":{"rendered":"\n<p><\/p>\n\n\n\n<figure class=\"wp-block-gallery columns-2 is-cropped wp-block-gallery-1 is-layout-flex wp-block-gallery-is-layout-flex\"><ul class=\"blocks-gallery-grid\"><li class=\"blocks-gallery-item\"><figure><img fetchpriority=\"high\" decoding=\"async\" width=\"600\" height=\"400\" src=\"https:\/\/xn--fiskecentrumsaxns-5qb.se\/wp-content\/uploads\/2018\/04\/201201047.jpg\" alt=\"\" data-id=\"494\" data-full-url=\"https:\/\/xn--fiskecentrumsaxns-5qb.se\/wp-content\/uploads\/2018\/04\/201201047.jpg\" data-link=\"https:\/\/xn--fiskecentrumsaxns-5qb.se\/201201047\/\" class=\"wp-image-494\" srcset=\"https:\/\/xn--fiskecentrumsaxns-5qb.se\/wp-content\/uploads\/2018\/04\/201201047.jpg 600w, https:\/\/xn--fiskecentrumsaxns-5qb.se\/wp-content\/uploads\/2018\/04\/201201047-300x200.jpg 300w, https:\/\/xn--fiskecentrumsaxns-5qb.se\/wp-content\/uploads\/2018\/04\/201201047-360x240.jpg 360w\" sizes=\"(max-width: 600px) 100vw, 600px\" \/><\/figure><\/li><li class=\"blocks-gallery-item\"><figure><img decoding=\"async\" width=\"1024\" height=\"682\" data-src=\"https:\/\/xn--fiskecentrumsaxns-5qb.se\/wp-content\/uploads\/2018\/04\/matt-aunger-198067-unsplash-1024x682.jpg\" alt=\"\" data-id=\"451\" data-full-url=\"https:\/\/xn--fiskecentrumsaxns-5qb.se\/wp-content\/uploads\/2018\/04\/matt-aunger-198067-unsplash.jpg\" data-link=\"https:\/\/xn--fiskecentrumsaxns-5qb.se\/boka-boende\/matt-aunger-198067-unsplash\/\" class=\"wp-image-451 lazyload\" data-srcset=\"https:\/\/xn--fiskecentrumsaxns-5qb.se\/wp-content\/uploads\/2018\/04\/matt-aunger-198067-unsplash-1024x682.jpg 1024w, https:\/\/xn--fiskecentrumsaxns-5qb.se\/wp-content\/uploads\/2018\/04\/matt-aunger-198067-unsplash-300x200.jpg 300w, https:\/\/xn--fiskecentrumsaxns-5qb.se\/wp-content\/uploads\/2018\/04\/matt-aunger-198067-unsplash-768x511.jpg 768w, https:\/\/xn--fiskecentrumsaxns-5qb.se\/wp-content\/uploads\/2018\/04\/matt-aunger-198067-unsplash-360x240.jpg 360w\" data-sizes=\"(max-width: 1024px) 100vw, 1024px\" src=\"data:image\/svg+xml;base64,PHN2ZyB3aWR0aD0iMSIgaGVpZ2h0PSIxIiB4bWxucz0iaHR0cDovL3d3dy53My5vcmcvMjAwMC9zdmciPjwvc3ZnPg==\" style=\"--smush-placeholder-width: 1024px; --smush-placeholder-aspect-ratio: 1024\/682;\" \/><figcaption class=\"blocks-gallery-item__caption\">Utflykter med hund<\/figcaption><\/figure><\/li><\/ul><\/figure>\n\n\n\n<p>Vill du uppleva omr\u00e5dets rika kultur och natur genom att ta kortare utflykter i omr\u00e5det har vi n\u00e5gra f\u00f6rslag h\u00e4r till dig. \u00d6nskar du g\u00f6r en l\u00e4ngre tur kan du l\u00e4sa om passande <a href=\"https:\/\/xn--fiskecentrumsaxns-5qb.se\/vandring-2\/\">vandringar h\u00e4r<\/a> ist\u00e4llet.<\/p>\n\n\n\n<h2 class=\"wp-block-heading\">N\u00e4ra Saxn\u00e4s<\/h2>\n\n\n\n<ul class=\"wp-block-list\"><li>Ricklundg\u00e5rden<\/li><li>Badplatsen<\/li><li>Trappstegsforsen<\/li><li>Fiskonfallet<\/li><\/ul>\n\n\n\n<h2 class=\"wp-block-heading\">Marsliden och Grytsj\u00f6<\/h2>\n\n\n\n<ul class=\"wp-block-list\"><li>P\u00e5lsons stuga<\/li><li>Skvaltkvarnen<\/li><li>Marsliden badstrand<\/li><\/ul>\n\n\n\n<h2 class=\"wp-block-heading\">Fatmomakke<\/h2>\n\n\n\n<h2 class=\"wp-block-heading\">Norgefararg\u00e5rden Klimpfj\u00e4ll<\/h2>\n\n\n\n<p>Norgefararg\u00e5rden \u00e4r ett kulturm\u00e4rkt timmerhus i byn Klimpfj\u00e4ll byggt 1832 och 1860. G\u00e5rden var en naturlig plats att stanna och vila sig f\u00f6r de fj\u00e4llb\u00f6nder som skulle till handelsplatserna Kroken och Mosj\u00f6en i Norge.<\/p>\n\n\n\n<p>I dag drivs Norgefararg\u00e5rden som en hembygdsg\u00e5rd d\u00e4r det under sommarm\u00e5naderna arrangeras lite aktiviteter, finns  djur s\u00e5som h\u00f6ns, en servering och en presentbutik. Vill du l\u00e4ra dig mer om Norgefarag\u00e5rden och dess \u00f6ppettider kan du<a href=\"https:\/\/www.norgefarargarden.se\/\"> l\u00e4sa mer h\u00e4r.<\/a><\/p>\n\n\n\n<h2 class=\"wp-block-heading\">Stekenjokk<\/h2>\n\n\n\n<p><\/p>\n\n\n\n<h2 class=\"wp-block-heading\">Vildmarksv\u00e4gen<\/h2>\n\n\n\n<p>Om du vill l\u00e4ra dig mer om allt du kan se l\u00e4ngs Vildmarksv\u00e4gen finns en bra sida <a href=\"https:\/\/wildernessroad.eu\/\">H\u00c4R <\/a>d\u00e4r fler m\u00e5l f\u00f6r dina utflykter finns beskrivna. Enklast att n\u00e5 dem har du som k\u00f6r eget fordon l\u00e4ngs v\u00e4gen men kommer du med buss kan du stiga av i tex Saxn\u00e4s eller Klimpfj\u00e4ll och hyra cykel.<\/p>\n","protected":false},"excerpt":{"rendered":"<p>Vill du uppleva omr\u00e5dets rika kultur och natur genom att ta kortare utflykter i omr\u00e5det har vi n\u00e5gra f\u00f6rslag h\u00e4r till dig. \u00d6nskar du g\u00f6r en l\u00e4ngre tur kan du l\u00e4sa om passande vandringar h\u00e4r ist\u00e4llet. N\u00e4ra Saxn\u00e4s Ricklundg\u00e5rden Badplatsen Trappstegsforsen Fiskonfallet Marsliden och Grytsj\u00f6 P\u00e5lsons stuga Skvaltkvarnen Marsliden badstrand [&hellip;]<\/p>\n","protected":false},"author":3,"featured_media":4975,"parent":0,"menu_order":0,"comment_status":"closed","ping_status":"closed","template":"","meta":{"footnotes":""},"class_list":["post-4474","page","type-page","status-publish","has-post-thumbnail","hentry"],"yoast_head":"<!-- This site is optimized with the Yoast SEO plugin v27.4 - https:\/\/yoast.com\/product\/yoast-seo-wordpress\/ -->\n<title>Utflykter<\/title>\n<meta name=\"description\" content=\"Vill du uppleva omr\u00e5dets rika kultur och natur genom att ta kortare utflykter i omr\u00e5det har vi n\u00e5gra f\u00f6rslag h\u00e4r till dig.\" \/>\n<meta name=\"robots\" content=\"index, follow, max-snippet:-1, max-image-preview:large, max-video-preview:-1\" \/>\n<link rel=\"canonical\" href=\"https:\/\/xn--fiskecentrumsaxns-5qb.se\/en\/utflykt\/\" \/>\n<meta property=\"og:locale\" content=\"en_US\" \/>\n<meta property=\"og:locale:alternate\" content=\"sv_SE\" \/>\n<meta property=\"og:type\" content=\"article\" \/>\n<meta property=\"og:title\" content=\"Utflykter\" \/>\n<meta property=\"og:description\" content=\"Vill du uppleva omr\u00e5dets rika kultur och natur genom att ta kortare utflykter i omr\u00e5det har vi n\u00e5gra f\u00f6rslag h\u00e4r till dig.\" \/>\n<meta property=\"og:url\" content=\"https:\/\/xn--fiskecentrumsaxns-5qb.se\/en\/utflykt\/\" \/>\n<meta property=\"og:site_name\" content=\"Kultsj\u00f6g\u00e5rden Fiskecentrum Saxn\u00e4s\" \/>\n<meta property=\"article:publisher\" content=\"https:\/\/www.facebook.com\/Kultsj%c3%b6g%c3%a5rden-113452636861148\/\" \/>\n<meta property=\"article:modified_time\" content=\"2022-05-02T12:23:10+00:00\" \/>\n<meta property=\"og:image\" content=\"https:\/\/xn--fiskecentrumsaxns-5qb.se\/wp-content\/uploads\/2022\/05\/pexels-josh-willink-1157398-scaled.jpg\" \/>\n\t<meta property=\"og:image:width\" content=\"2560\" \/>\n\t<meta property=\"og:image:height\" content=\"1707\" \/>\n\t<meta property=\"og:image:type\" content=\"image\/jpeg\" \/>\n<meta name=\"twitter:card\" content=\"summary_large_image\" \/>\n<meta name=\"twitter:label1\" content=\"Est. reading time\" \/>\n\t<meta name=\"twitter:data1\" content=\"6 minutes\" \/>\n<script type=\"application\/ld+json\" class=\"yoast-schema-graph\">{\"@context\":\"https:\\\/\\\/schema.org\",\"@graph\":[{\"@type\":\"WebPage\",\"@id\":\"https:\\\/\\\/xn--fiskecentrumsaxns-5qb.se\\\/utflykt\\\/\",\"url\":\"https:\\\/\\\/xn--fiskecentrumsaxns-5qb.se\\\/utflykt\\\/\",\"name\":\"Utflykter\",\"isPartOf\":{\"@id\":\"https:\\\/\\\/xn--fiskecentrumsaxns-5qb.se\\\/#website\"},\"primaryImageOfPage\":{\"@id\":\"https:\\\/\\\/xn--fiskecentrumsaxns-5qb.se\\\/utflykt\\\/#primaryimage\"},\"image\":{\"@id\":\"https:\\\/\\\/xn--fiskecentrumsaxns-5qb.se\\\/utflykt\\\/#primaryimage\"},\"thumbnailUrl\":\"https:\\\/\\\/xn--fiskecentrumsaxns-5qb.se\\\/wp-content\\\/uploads\\\/2022\\\/05\\\/pexels-josh-willink-1157398-scaled.jpg\",\"datePublished\":\"2022-01-27T13:12:21+00:00\",\"dateModified\":\"2022-05-02T12:23:10+00:00\",\"description\":\"Vill du uppleva omr\u00e5dets rika kultur och natur genom att ta kortare utflykter i omr\u00e5det har vi n\u00e5gra f\u00f6rslag h\u00e4r till dig.\",\"breadcrumb\":{\"@id\":\"https:\\\/\\\/xn--fiskecentrumsaxns-5qb.se\\\/utflykt\\\/#breadcrumb\"},\"inLanguage\":\"en-US\",\"potentialAction\":[{\"@type\":\"ReadAction\",\"target\":[\"https:\\\/\\\/xn--fiskecentrumsaxns-5qb.se\\\/utflykt\\\/\"]}]},{\"@type\":\"ImageObject\",\"inLanguage\":\"en-US\",\"@id\":\"https:\\\/\\\/xn--fiskecentrumsaxns-5qb.se\\\/utflykt\\\/#primaryimage\",\"url\":\"https:\\\/\\\/xn--fiskecentrumsaxns-5qb.se\\\/wp-content\\\/uploads\\\/2022\\\/05\\\/pexels-josh-willink-1157398-scaled.jpg\",\"contentUrl\":\"https:\\\/\\\/xn--fiskecentrumsaxns-5qb.se\\\/wp-content\\\/uploads\\\/2022\\\/05\\\/pexels-josh-willink-1157398-scaled.jpg\",\"width\":2560,\"height\":1707},{\"@type\":\"BreadcrumbList\",\"@id\":\"https:\\\/\\\/xn--fiskecentrumsaxns-5qb.se\\\/utflykt\\\/#breadcrumb\",\"itemListElement\":[{\"@type\":\"ListItem\",\"position\":1,\"name\":\"Hem\",\"item\":\"https:\\\/\\\/xn--fiskecentrumsaxns-5qb.se\\\/\"},{\"@type\":\"ListItem\",\"position\":2,\"name\":\"Utflykter\"}]},{\"@type\":\"WebSite\",\"@id\":\"https:\\\/\\\/xn--fiskecentrumsaxns-5qb.se\\\/#website\",\"url\":\"https:\\\/\\\/xn--fiskecentrumsaxns-5qb.se\\\/\",\"name\":\"Kultsj\u00f6g\u00e5rden Fiskecentrum Saxn\u00e4s\",\"description\":\"Ditt hem i fj\u00e4llen\",\"publisher\":{\"@id\":\"https:\\\/\\\/xn--fiskecentrumsaxns-5qb.se\\\/#organization\"},\"potentialAction\":[{\"@type\":\"SearchAction\",\"target\":{\"@type\":\"EntryPoint\",\"urlTemplate\":\"https:\\\/\\\/xn--fiskecentrumsaxns-5qb.se\\\/?s={search_term_string}\"},\"query-input\":{\"@type\":\"PropertyValueSpecification\",\"valueRequired\":true,\"valueName\":\"search_term_string\"}}],\"inLanguage\":\"en-US\"},{\"@type\":\"Organization\",\"@id\":\"https:\\\/\\\/xn--fiskecentrumsaxns-5qb.se\\\/#organization\",\"name\":\"Kultsj\u00f6g\u00e5rden Fiskecentrum Saxn\u00e4s\",\"url\":\"https:\\\/\\\/xn--fiskecentrumsaxns-5qb.se\\\/\",\"logo\":{\"@type\":\"ImageObject\",\"inLanguage\":\"en-US\",\"@id\":\"https:\\\/\\\/xn--fiskecentrumsaxns-5qb.se\\\/#\\\/schema\\\/logo\\\/image\\\/\",\"url\":\"https:\\\/\\\/xn--fiskecentrumsaxns-5qb.se\\\/wp-content\\\/uploads\\\/2019\\\/05\\\/cropped-Kultsj\u00f6g\u00e5rden1212.jpg\",\"contentUrl\":\"https:\\\/\\\/xn--fiskecentrumsaxns-5qb.se\\\/wp-content\\\/uploads\\\/2019\\\/05\\\/cropped-Kultsj\u00f6g\u00e5rden1212.jpg\",\"width\":713,\"height\":260,\"caption\":\"Kultsj\u00f6g\u00e5rden Fiskecentrum Saxn\u00e4s\"},\"image\":{\"@id\":\"https:\\\/\\\/xn--fiskecentrumsaxns-5qb.se\\\/#\\\/schema\\\/logo\\\/image\\\/\"},\"sameAs\":[\"https:\\\/\\\/www.facebook.com\\\/Kultsj\u00f6g\u00e5rden-113452636861148\\\/\"]}]}<\/script>\n<!-- \/ Yoast SEO plugin. -->","yoast_head_json":{"title":"Utflykter","description":"Vill du uppleva omr\u00e5dets rika kultur och natur genom att ta kortare utflykter i omr\u00e5det har vi n\u00e5gra f\u00f6rslag h\u00e4r till dig.","robots":{"index":"index","follow":"follow","max-snippet":"max-snippet:-1","max-image-preview":"max-image-preview:large","max-video-preview":"max-video-preview:-1"},"canonical":"https:\/\/xn--fiskecentrumsaxns-5qb.se\/en\/utflykt\/","og_locale":"en_US","og_type":"article","og_title":"[:sv]Utflykter[:] - Kultsj\u00f6g\u00e5rden Fiskecentrum Saxn\u00e4s","og_description":"Vill du uppleva omr\u00e5dets rika kultur och natur genom att ta kortare utflykter i omr\u00e5det har vi n\u00e5gra f\u00f6rslag h\u00e4r till dig.","og_url":"https:\/\/xn--fiskecentrumsaxns-5qb.se\/en\/utflykt\/","og_site_name":"Kultsj\u00f6g\u00e5rden Fiskecentrum Saxn\u00e4s","article_publisher":"https:\/\/www.facebook.com\/Kultsj%c3%b6g%c3%a5rden-113452636861148\/","article_modified_time":"2022-05-02T12:23:10+00:00","og_image":[{"width":2560,"height":1707,"url":"https:\/\/xn--fiskecentrumsaxns-5qb.se\/wp-content\/uploads\/2022\/05\/pexels-josh-willink-1157398-scaled.jpg","type":"image\/jpeg"}],"twitter_card":"summary_large_image","twitter_misc":{"Est. reading time":"6 minutes"},"schema":{"@context":"https:\/\/schema.org","@graph":[{"@type":"WebPage","@id":"https:\/\/xn--fiskecentrumsaxns-5qb.se\/utflykt\/","url":"https:\/\/xn--fiskecentrumsaxns-5qb.se\/utflykt\/","name":"Utflykter","isPartOf":{"@id":"https:\/\/xn--fiskecentrumsaxns-5qb.se\/#website"},"primaryImageOfPage":{"@id":"https:\/\/xn--fiskecentrumsaxns-5qb.se\/utflykt\/#primaryimage"},"image":{"@id":"https:\/\/xn--fiskecentrumsaxns-5qb.se\/utflykt\/#primaryimage"},"thumbnailUrl":"https:\/\/xn--fiskecentrumsaxns-5qb.se\/wp-content\/uploads\/2022\/05\/pexels-josh-willink-1157398-scaled.jpg","datePublished":"2022-01-27T13:12:21+00:00","dateModified":"2022-05-02T12:23:10+00:00","description":"Vill du uppleva omr\u00e5dets rika kultur och natur genom att ta kortare utflykter i omr\u00e5det har vi n\u00e5gra f\u00f6rslag h\u00e4r till dig.","breadcrumb":{"@id":"https:\/\/xn--fiskecentrumsaxns-5qb.se\/utflykt\/#breadcrumb"},"inLanguage":"en-US","potentialAction":[{"@type":"ReadAction","target":["https:\/\/xn--fiskecentrumsaxns-5qb.se\/utflykt\/"]}]},{"@type":"ImageObject","inLanguage":"en-US","@id":"https:\/\/xn--fiskecentrumsaxns-5qb.se\/utflykt\/#primaryimage","url":"https:\/\/xn--fiskecentrumsaxns-5qb.se\/wp-content\/uploads\/2022\/05\/pexels-josh-willink-1157398-scaled.jpg","contentUrl":"https:\/\/xn--fiskecentrumsaxns-5qb.se\/wp-content\/uploads\/2022\/05\/pexels-josh-willink-1157398-scaled.jpg","width":2560,"height":1707},{"@type":"BreadcrumbList","@id":"https:\/\/xn--fiskecentrumsaxns-5qb.se\/utflykt\/#breadcrumb","itemListElement":[{"@type":"ListItem","position":1,"name":"Hem","item":"https:\/\/xn--fiskecentrumsaxns-5qb.se\/"},{"@type":"ListItem","position":2,"name":"Utflykter"}]},{"@type":"WebSite","@id":"https:\/\/xn--fiskecentrumsaxns-5qb.se\/#website","url":"https:\/\/xn--fiskecentrumsaxns-5qb.se\/","name":"Kultsj\u00f6g\u00e5rden Fiskecentrum Saxn\u00e4s","description":"Ditt hem i fj\u00e4llen","publisher":{"@id":"https:\/\/xn--fiskecentrumsaxns-5qb.se\/#organization"},"potentialAction":[{"@type":"SearchAction","target":{"@type":"EntryPoint","urlTemplate":"https:\/\/xn--fiskecentrumsaxns-5qb.se\/?s={search_term_string}"},"query-input":{"@type":"PropertyValueSpecification","valueRequired":true,"valueName":"search_term_string"}}],"inLanguage":"en-US"},{"@type":"Organization","@id":"https:\/\/xn--fiskecentrumsaxns-5qb.se\/#organization","name":"Kultsj\u00f6g\u00e5rden Fiskecentrum Saxn\u00e4s","url":"https:\/\/xn--fiskecentrumsaxns-5qb.se\/","logo":{"@type":"ImageObject","inLanguage":"en-US","@id":"https:\/\/xn--fiskecentrumsaxns-5qb.se\/#\/schema\/logo\/image\/","url":"https:\/\/xn--fiskecentrumsaxns-5qb.se\/wp-content\/uploads\/2019\/05\/cropped-Kultsj\u00f6g\u00e5rden1212.jpg","contentUrl":"https:\/\/xn--fiskecentrumsaxns-5qb.se\/wp-content\/uploads\/2019\/05\/cropped-Kultsj\u00f6g\u00e5rden1212.jpg","width":713,"height":260,"caption":"Kultsj\u00f6g\u00e5rden Fiskecentrum Saxn\u00e4s"},"image":{"@id":"https:\/\/xn--fiskecentrumsaxns-5qb.se\/#\/schema\/logo\/image\/"},"sameAs":["https:\/\/www.facebook.com\/Kultsj\u00f6g\u00e5rden-113452636861148\/"]}]}},"_links":{"self":[{"href":"https:\/\/xn--fiskecentrumsaxns-5qb.se\/en\/wp-json\/wp\/v2\/pages\/4474","targetHints":{"allow":["GET"]}}],"collection":[{"href":"https:\/\/xn--fiskecentrumsaxns-5qb.se\/en\/wp-json\/wp\/v2\/pages"}],"about":[{"href":"https:\/\/xn--fiskecentrumsaxns-5qb.se\/en\/wp-json\/wp\/v2\/types\/page"}],"author":[{"embeddable":true,"href":"https:\/\/xn--fiskecentrumsaxns-5qb.se\/en\/wp-json\/wp\/v2\/users\/3"}],"replies":[{"embeddable":true,"href":"https:\/\/xn--fiskecentrumsaxns-5qb.se\/en\/wp-json\/wp\/v2\/comments?post=4474"}],"version-history":[{"count":17,"href":"https:\/\/xn--fiskecentrumsaxns-5qb.se\/en\/wp-json\/wp\/v2\/pages\/4474\/revisions"}],"predecessor-version":[{"id":4979,"href":"https:\/\/xn--fiskecentrumsaxns-5qb.se\/en\/wp-json\/wp\/v2\/pages\/4474\/revisions\/4979"}],"wp:featuredmedia":[{"embeddable":true,"href":"https:\/\/xn--fiskecentrumsaxns-5qb.se\/en\/wp-json\/wp\/v2\/media\/4975"}],"wp:attachment":[{"href":"https:\/\/xn--fiskecentrumsaxns-5qb.se\/en\/wp-json\/wp\/v2\/media?parent=4474"}],"curies":[{"name":"wp","href":"https:\/\/api.w.org\/{rel}","templated":true}]}}