{"id":458,"date":"2018-04-16T12:28:54","date_gmt":"2018-04-16T12:28:54","guid":{"rendered":"http:\/\/xn--fiskecentrumsaxns-5qb.se\/?page_id=458"},"modified":"2022-01-27T16:29:46","modified_gmt":"2022-01-27T16:29:46","slug":"vandring-2","status":"publish","type":"page","link":"https:\/\/xn--fiskecentrumsaxns-5qb.se\/en\/vandring-2\/","title":{"rendered":"Hiking"},"content":{"rendered":"\n<div class=\"wp-block-soliloquy-soliloquywp\"><div aria-live=\"polite\" id=\"soliloquy-container-1418_1\" class=\"soliloquy-container soliloquy-transition-fade  soliloquy-theme-base\" style=\"max-width:800px;max-height:533px;\"><ul id=\"soliloquy-1418_1\" class=\"soliloquy-slider soliloquy-slides soliloquy-wrap soliloquy-clear\"><li aria-hidden=\"true\" class=\"soliloquy-item soliloquy-item-1 soliloquy-image-slide\" draggable=\"false\" style=\"list-style:none\"><img decoding=\"async\" id=\"soliloquy-image-2596\" class=\"soliloquy-image soliloquy-image-1\" src=\"https:\/\/xn--fiskecentrumsaxns-5qb.se\/wp-content\/uploads\/2020\/01\/200800621.jpg\" alt=\"200800621\" \/><\/li><li aria-hidden=\"true\" class=\"soliloquy-item soliloquy-item-2 soliloquy-image-slide\" draggable=\"false\" style=\"list-style:none\"><img decoding=\"async\" id=\"soliloquy-image-2599\" class=\"soliloquy-image soliloquy-image-2\" src=\"https:\/\/xn--fiskecentrumsaxns-5qb.se\/wp-content\/uploads\/2020\/01\/201300688.jpg\" alt=\"201300688\" \/><\/li><li aria-hidden=\"true\" class=\"soliloquy-item soliloquy-item-3 soliloquy-image-slide\" draggable=\"false\" style=\"list-style:none\"><img decoding=\"async\" id=\"soliloquy-image-2597\" class=\"soliloquy-image soliloquy-image-3\" src=\"https:\/\/xn--fiskecentrumsaxns-5qb.se\/wp-content\/uploads\/2020\/01\/200800685-800x533_c.jpg\" alt=\"200800685\" \/><\/li><li aria-hidden=\"true\" class=\"soliloquy-item soliloquy-item-4 soliloquy-image-slide\" draggable=\"false\" style=\"list-style:none\"><img decoding=\"async\" id=\"soliloquy-image-2598\" class=\"soliloquy-image soliloquy-image-4\" src=\"https:\/\/xn--fiskecentrumsaxns-5qb.se\/wp-content\/uploads\/2020\/01\/201300677.jpg\" alt=\"201300677\" \/><\/li><\/ul><\/div><noscript><style type=\"text\/css\">#soliloquy-container-1418_1{opacity:1}<\/style><\/noscript><\/div>\n\n\n\n<p>Area of Saxn\u00e4s\/Marsfj\u00e4ll is unique for you that want to combined hiking, accommodation and Lapland cuisine. Let us help you to day tours all year around.<\/p>\n\n\n<p><iframe data-src=\"https:\/\/www.google.com\/maps\/d\/embed?mid=1QgyhG3Mam-BBTpTpiUBiWe9IG-_clEaw\" width=\"640\" height=\"480\" src=\"data:image\/svg+xml;base64,PHN2ZyB3aWR0aD0iMSIgaGVpZ2h0PSIxIiB4bWxucz0iaHR0cDovL3d3dy53My5vcmcvMjAwMC9zdmciPjwvc3ZnPg==\" class=\"lazyload\" data-load-mode=\"1\"><\/iframe><\/p>\n\n\n\n<div class=\"wp-block-columns is-layout-flex wp-container-core-columns-is-layout-9d6595d7 wp-block-columns-is-layout-flex\">\n<div class=\"wp-block-column is-layout-flow wp-block-column-is-layout-flow\">\n<h4 class=\"wp-block-heading\">Accomendation for you<\/h4>\n\n\n\n<ul class=\"wp-block-list\"><li><a href=\"http:\/\/xn--fiskecentrumsaxns-5qb.se\/en\/vandrarhem-kultsjogarden\/\">Hostel rooms\/beds Kultsj\u00f6g\u00e5rden<\/a><\/li><li><a href=\"http:\/\/xn--fiskecentrumsaxns-5qb.se\/en\/vandrarhems-lagenheter-kultsjogarden\/\">Hostel apartments Kultsj\u00f6g\u00e5rden<\/a><\/li><li><a href=\"http:\/\/xn--fiskecentrumsaxns-5qb.se\/en\/stugor-4-baddar-kultsjogarden\/\">Cabins Kultsj\u00f6g\u00e5rden<\/a><\/li><li><a href=\"http:\/\/xn--fiskecentrumsaxns-5qb.se\/en\/boende\/husvagnscamping-kultsjogarden\/\">Caravan space Kultsj\u00f6g\u00e5rden<\/a><\/li><li><a href=\"http:\/\/xn--fiskecentrumsaxns-5qb.se\/en\/vaning-19-baddar-kultsjogarden\/\">Rent the whole hostel floor Kultsj\u00f6g\u00e5rden<\/a> <\/li><li><a href=\"http:\/\/xn--fiskecentrumsaxns-5qb.se\/en\/stuga-brf\/\">BRF lodges<\/a> <\/li><\/ul>\n<\/div>\n\n\n\n<div class=\"wp-block-column is-layout-flow wp-block-column-is-layout-flow\">\n<h4 class=\"wp-block-heading\">Do you wish to add more?<\/h4>\n\n\n\n<ul class=\"wp-block-list\"><li><a href=\"http:\/\/xn--fiskecentrumsaxns-5qb.se\/en\/fiske\/\">Fishing<\/a><\/li><li><a href=\"http:\/\/xn--fiskecentrumsaxns-5qb.se\/en\/jakt\/\">Hunting<\/a><\/li><li><a href=\"http:\/\/xn--fiskecentrumsaxns-5qb.se\/en\/vandring-2\/\">Hiking<\/a><\/li><li><a href=\"http:\/\/xn--fiskecentrumsaxns-5qb.se\/en\/skidor\/\">Skiing<\/a><\/li><li><a href=\"http:\/\/xn--fiskecentrumsaxns-5qb.se\/en\/skoter\/\">Snowmobilling<\/a> <\/li><\/ul>\n<\/div>\n<\/div>\n","protected":false},"excerpt":{"rendered":"<p>Area of Saxn\u00e4s\/Marsfj\u00e4ll is unique for you that want to combined hiking, accommodation and Lapland cuisine. Let us help you to day tours all year around. Accomendation for you Hostel rooms\/beds Kultsj\u00f6g\u00e5rden Hostel apartments Kultsj\u00f6g\u00e5rden Cabins Kultsj\u00f6g\u00e5rden Caravan space Kultsj\u00f6g\u00e5rden Rent the whole hostel floor Kultsj\u00f6g\u00e5rden BRF lodges Do you [&hellip;]<\/p>\n","protected":false},"author":1,"featured_media":0,"parent":0,"menu_order":0,"comment_status":"closed","ping_status":"closed","template":"","meta":{"footnotes":""},"class_list":["post-458","page","type-page","status-publish","hentry"],"yoast_head":"<!-- This site is optimized with the Yoast SEO plugin v27.4 - https:\/\/yoast.com\/product\/yoast-seo-wordpress\/ -->\n<title>Hiking<\/title>\n<meta name=\"description\" content=\"Vandra i fj\u00e4llen. Utg\u00e5 fr\u00e5n Saxn\u00e4s. H\u00e4r har du Marsfj\u00e4llens unika vandringsomr\u00e5den i n\u00e4rheten. Bo bekv\u00e4mt i stugor eller rum p\u00e5 Kultsj\u00f6g\u00e5rden\" \/>\n<meta name=\"robots\" content=\"index, follow, max-snippet:-1, max-image-preview:large, max-video-preview:-1\" \/>\n<link rel=\"canonical\" href=\"https:\/\/xn--fiskecentrumsaxns-5qb.se\/en\/vandring-2\/\" \/>\n<meta property=\"og:locale\" content=\"en_US\" \/>\n<meta property=\"og:locale:alternate\" content=\"sv_SE\" \/>\n<meta property=\"og:type\" content=\"article\" \/>\n<meta property=\"og:title\" content=\"Hiking\" \/>\n<meta property=\"og:description\" content=\"Vandra i fj\u00e4llen. Utg\u00e5 fr\u00e5n Saxn\u00e4s. H\u00e4r har du Marsfj\u00e4llens unika vandringsomr\u00e5den i n\u00e4rheten. Bo bekv\u00e4mt i stugor eller rum p\u00e5 Kultsj\u00f6g\u00e5rden\" \/>\n<meta property=\"og:url\" content=\"https:\/\/xn--fiskecentrumsaxns-5qb.se\/en\/vandring-2\/\" \/>\n<meta property=\"og:site_name\" content=\"Kultsj\u00f6g\u00e5rden Fiskecentrum Saxn\u00e4s\" \/>\n<meta property=\"article:publisher\" content=\"https:\/\/www.facebook.com\/Kultsj%c3%b6g%c3%a5rden-113452636861148\/\" \/>\n<meta property=\"article:modified_time\" content=\"2022-01-27T16:29:46+00:00\" \/>\n<meta property=\"og:image\" content=\"https:\/\/xn--fiskecentrumsaxns-5qb.se\/wp-content\/uploads\/2022\/01\/thumbnail_20210828_190508-1024x768.jpg\" \/>\n<meta name=\"twitter:card\" content=\"summary_large_image\" \/>\n<meta name=\"twitter:label1\" content=\"Est. reading time\" \/>\n\t<meta name=\"twitter:data1\" content=\"10 minutes\" \/>\n<script type=\"application\/ld+json\" class=\"yoast-schema-graph\">{\"@context\":\"https:\\\/\\\/schema.org\",\"@graph\":[{\"@type\":\"WebPage\",\"@id\":\"https:\\\/\\\/xn--fiskecentrumsaxns-5qb.se\\\/vandring-2\\\/\",\"url\":\"https:\\\/\\\/xn--fiskecentrumsaxns-5qb.se\\\/vandring-2\\\/\",\"name\":\"Hiking\",\"isPartOf\":{\"@id\":\"https:\\\/\\\/xn--fiskecentrumsaxns-5qb.se\\\/#website\"},\"primaryImageOfPage\":{\"@id\":\"https:\\\/\\\/xn--fiskecentrumsaxns-5qb.se\\\/vandring-2\\\/#primaryimage\"},\"image\":{\"@id\":\"https:\\\/\\\/xn--fiskecentrumsaxns-5qb.se\\\/vandring-2\\\/#primaryimage\"},\"thumbnailUrl\":\"https:\\\/\\\/xn--fiskecentrumsaxns-5qb.se\\\/wp-content\\\/uploads\\\/2022\\\/01\\\/thumbnail_20210828_190508-1024x768.jpg\",\"datePublished\":\"2018-04-16T12:28:54+00:00\",\"dateModified\":\"2022-01-27T16:29:46+00:00\",\"description\":\"Vandra i fj\u00e4llen. Utg\u00e5 fr\u00e5n Saxn\u00e4s. H\u00e4r har du Marsfj\u00e4llens unika vandringsomr\u00e5den i n\u00e4rheten. Bo bekv\u00e4mt i stugor eller rum p\u00e5 Kultsj\u00f6g\u00e5rden\",\"breadcrumb\":{\"@id\":\"https:\\\/\\\/xn--fiskecentrumsaxns-5qb.se\\\/vandring-2\\\/#breadcrumb\"},\"inLanguage\":\"en-US\",\"potentialAction\":[{\"@type\":\"ReadAction\",\"target\":[\"https:\\\/\\\/xn--fiskecentrumsaxns-5qb.se\\\/vandring-2\\\/\"]}]},{\"@type\":\"ImageObject\",\"inLanguage\":\"en-US\",\"@id\":\"https:\\\/\\\/xn--fiskecentrumsaxns-5qb.se\\\/vandring-2\\\/#primaryimage\",\"url\":\"https:\\\/\\\/xn--fiskecentrumsaxns-5qb.se\\\/wp-content\\\/uploads\\\/2022\\\/01\\\/thumbnail_20210828_190508-1024x768.jpg\",\"contentUrl\":\"https:\\\/\\\/xn--fiskecentrumsaxns-5qb.se\\\/wp-content\\\/uploads\\\/2022\\\/01\\\/thumbnail_20210828_190508-1024x768.jpg\"},{\"@type\":\"BreadcrumbList\",\"@id\":\"https:\\\/\\\/xn--fiskecentrumsaxns-5qb.se\\\/vandring-2\\\/#breadcrumb\",\"itemListElement\":[{\"@type\":\"ListItem\",\"position\":1,\"name\":\"Hem\",\"item\":\"https:\\\/\\\/xn--fiskecentrumsaxns-5qb.se\\\/\"},{\"@type\":\"ListItem\",\"position\":2,\"name\":\"Vandring\"}]},{\"@type\":\"WebSite\",\"@id\":\"https:\\\/\\\/xn--fiskecentrumsaxns-5qb.se\\\/#website\",\"url\":\"https:\\\/\\\/xn--fiskecentrumsaxns-5qb.se\\\/\",\"name\":\"Kultsj\u00f6g\u00e5rden Fiskecentrum Saxn\u00e4s\",\"description\":\"Ditt hem i fj\u00e4llen\",\"publisher\":{\"@id\":\"https:\\\/\\\/xn--fiskecentrumsaxns-5qb.se\\\/#organization\"},\"potentialAction\":[{\"@type\":\"SearchAction\",\"target\":{\"@type\":\"EntryPoint\",\"urlTemplate\":\"https:\\\/\\\/xn--fiskecentrumsaxns-5qb.se\\\/?s={search_term_string}\"},\"query-input\":{\"@type\":\"PropertyValueSpecification\",\"valueRequired\":true,\"valueName\":\"search_term_string\"}}],\"inLanguage\":\"en-US\"},{\"@type\":\"Organization\",\"@id\":\"https:\\\/\\\/xn--fiskecentrumsaxns-5qb.se\\\/#organization\",\"name\":\"Kultsj\u00f6g\u00e5rden Fiskecentrum Saxn\u00e4s\",\"url\":\"https:\\\/\\\/xn--fiskecentrumsaxns-5qb.se\\\/\",\"logo\":{\"@type\":\"ImageObject\",\"inLanguage\":\"en-US\",\"@id\":\"https:\\\/\\\/xn--fiskecentrumsaxns-5qb.se\\\/#\\\/schema\\\/logo\\\/image\\\/\",\"url\":\"https:\\\/\\\/xn--fiskecentrumsaxns-5qb.se\\\/wp-content\\\/uploads\\\/2019\\\/05\\\/cropped-Kultsj\u00f6g\u00e5rden1212.jpg\",\"contentUrl\":\"https:\\\/\\\/xn--fiskecentrumsaxns-5qb.se\\\/wp-content\\\/uploads\\\/2019\\\/05\\\/cropped-Kultsj\u00f6g\u00e5rden1212.jpg\",\"width\":713,\"height\":260,\"caption\":\"Kultsj\u00f6g\u00e5rden Fiskecentrum Saxn\u00e4s\"},\"image\":{\"@id\":\"https:\\\/\\\/xn--fiskecentrumsaxns-5qb.se\\\/#\\\/schema\\\/logo\\\/image\\\/\"},\"sameAs\":[\"https:\\\/\\\/www.facebook.com\\\/Kultsj\u00f6g\u00e5rden-113452636861148\\\/\"]}]}<\/script>\n<!-- \/ Yoast SEO plugin. -->","yoast_head_json":{"title":"Hiking","description":"Vandra i fj\u00e4llen. Utg\u00e5 fr\u00e5n Saxn\u00e4s. H\u00e4r har du Marsfj\u00e4llens unika vandringsomr\u00e5den i n\u00e4rheten. Bo bekv\u00e4mt i stugor eller rum p\u00e5 Kultsj\u00f6g\u00e5rden","robots":{"index":"index","follow":"follow","max-snippet":"max-snippet:-1","max-image-preview":"max-image-preview:large","max-video-preview":"max-video-preview:-1"},"canonical":"https:\/\/xn--fiskecentrumsaxns-5qb.se\/en\/vandring-2\/","og_locale":"en_US","og_type":"article","og_title":"[:en]Hiking[:sv]Vandring[:] - Kultsj\u00f6g\u00e5rden Fiskecentrum Saxn\u00e4s","og_description":"Vandra i fj\u00e4llen. Utg\u00e5 fr\u00e5n Saxn\u00e4s. H\u00e4r har du Marsfj\u00e4llens unika vandringsomr\u00e5den i n\u00e4rheten. Bo bekv\u00e4mt i stugor eller rum p\u00e5 Kultsj\u00f6g\u00e5rden","og_url":"https:\/\/xn--fiskecentrumsaxns-5qb.se\/en\/vandring-2\/","og_site_name":"Kultsj\u00f6g\u00e5rden Fiskecentrum Saxn\u00e4s","article_publisher":"https:\/\/www.facebook.com\/Kultsj%c3%b6g%c3%a5rden-113452636861148\/","article_modified_time":"2022-01-27T16:29:46+00:00","og_image":[{"url":"https:\/\/xn--fiskecentrumsaxns-5qb.se\/wp-content\/uploads\/2022\/01\/thumbnail_20210828_190508-1024x768.jpg","type":"","width":"","height":""}],"twitter_card":"summary_large_image","twitter_misc":{"Est. reading time":"10 minutes"},"schema":{"@context":"https:\/\/schema.org","@graph":[{"@type":"WebPage","@id":"https:\/\/xn--fiskecentrumsaxns-5qb.se\/vandring-2\/","url":"https:\/\/xn--fiskecentrumsaxns-5qb.se\/vandring-2\/","name":"Hiking","isPartOf":{"@id":"https:\/\/xn--fiskecentrumsaxns-5qb.se\/#website"},"primaryImageOfPage":{"@id":"https:\/\/xn--fiskecentrumsaxns-5qb.se\/vandring-2\/#primaryimage"},"image":{"@id":"https:\/\/xn--fiskecentrumsaxns-5qb.se\/vandring-2\/#primaryimage"},"thumbnailUrl":"https:\/\/xn--fiskecentrumsaxns-5qb.se\/wp-content\/uploads\/2022\/01\/thumbnail_20210828_190508-1024x768.jpg","datePublished":"2018-04-16T12:28:54+00:00","dateModified":"2022-01-27T16:29:46+00:00","description":"Vandra i fj\u00e4llen. Utg\u00e5 fr\u00e5n Saxn\u00e4s. H\u00e4r har du Marsfj\u00e4llens unika vandringsomr\u00e5den i n\u00e4rheten. Bo bekv\u00e4mt i stugor eller rum p\u00e5 Kultsj\u00f6g\u00e5rden","breadcrumb":{"@id":"https:\/\/xn--fiskecentrumsaxns-5qb.se\/vandring-2\/#breadcrumb"},"inLanguage":"en-US","potentialAction":[{"@type":"ReadAction","target":["https:\/\/xn--fiskecentrumsaxns-5qb.se\/vandring-2\/"]}]},{"@type":"ImageObject","inLanguage":"en-US","@id":"https:\/\/xn--fiskecentrumsaxns-5qb.se\/vandring-2\/#primaryimage","url":"https:\/\/xn--fiskecentrumsaxns-5qb.se\/wp-content\/uploads\/2022\/01\/thumbnail_20210828_190508-1024x768.jpg","contentUrl":"https:\/\/xn--fiskecentrumsaxns-5qb.se\/wp-content\/uploads\/2022\/01\/thumbnail_20210828_190508-1024x768.jpg"},{"@type":"BreadcrumbList","@id":"https:\/\/xn--fiskecentrumsaxns-5qb.se\/vandring-2\/#breadcrumb","itemListElement":[{"@type":"ListItem","position":1,"name":"Hem","item":"https:\/\/xn--fiskecentrumsaxns-5qb.se\/"},{"@type":"ListItem","position":2,"name":"Vandring"}]},{"@type":"WebSite","@id":"https:\/\/xn--fiskecentrumsaxns-5qb.se\/#website","url":"https:\/\/xn--fiskecentrumsaxns-5qb.se\/","name":"Kultsj\u00f6g\u00e5rden Fiskecentrum Saxn\u00e4s","description":"Ditt hem i fj\u00e4llen","publisher":{"@id":"https:\/\/xn--fiskecentrumsaxns-5qb.se\/#organization"},"potentialAction":[{"@type":"SearchAction","target":{"@type":"EntryPoint","urlTemplate":"https:\/\/xn--fiskecentrumsaxns-5qb.se\/?s={search_term_string}"},"query-input":{"@type":"PropertyValueSpecification","valueRequired":true,"valueName":"search_term_string"}}],"inLanguage":"en-US"},{"@type":"Organization","@id":"https:\/\/xn--fiskecentrumsaxns-5qb.se\/#organization","name":"Kultsj\u00f6g\u00e5rden Fiskecentrum Saxn\u00e4s","url":"https:\/\/xn--fiskecentrumsaxns-5qb.se\/","logo":{"@type":"ImageObject","inLanguage":"en-US","@id":"https:\/\/xn--fiskecentrumsaxns-5qb.se\/#\/schema\/logo\/image\/","url":"https:\/\/xn--fiskecentrumsaxns-5qb.se\/wp-content\/uploads\/2019\/05\/cropped-Kultsj\u00f6g\u00e5rden1212.jpg","contentUrl":"https:\/\/xn--fiskecentrumsaxns-5qb.se\/wp-content\/uploads\/2019\/05\/cropped-Kultsj\u00f6g\u00e5rden1212.jpg","width":713,"height":260,"caption":"Kultsj\u00f6g\u00e5rden Fiskecentrum Saxn\u00e4s"},"image":{"@id":"https:\/\/xn--fiskecentrumsaxns-5qb.se\/#\/schema\/logo\/image\/"},"sameAs":["https:\/\/www.facebook.com\/Kultsj\u00f6g\u00e5rden-113452636861148\/"]}]}},"_links":{"self":[{"href":"https:\/\/xn--fiskecentrumsaxns-5qb.se\/en\/wp-json\/wp\/v2\/pages\/458","targetHints":{"allow":["GET"]}}],"collection":[{"href":"https:\/\/xn--fiskecentrumsaxns-5qb.se\/en\/wp-json\/wp\/v2\/pages"}],"about":[{"href":"https:\/\/xn--fiskecentrumsaxns-5qb.se\/en\/wp-json\/wp\/v2\/types\/page"}],"author":[{"embeddable":true,"href":"https:\/\/xn--fiskecentrumsaxns-5qb.se\/en\/wp-json\/wp\/v2\/users\/1"}],"replies":[{"embeddable":true,"href":"https:\/\/xn--fiskecentrumsaxns-5qb.se\/en\/wp-json\/wp\/v2\/comments?post=458"}],"version-history":[{"count":114,"href":"https:\/\/xn--fiskecentrumsaxns-5qb.se\/en\/wp-json\/wp\/v2\/pages\/458\/revisions"}],"predecessor-version":[{"id":4769,"href":"https:\/\/xn--fiskecentrumsaxns-5qb.se\/en\/wp-json\/wp\/v2\/pages\/458\/revisions\/4769"}],"wp:attachment":[{"href":"https:\/\/xn--fiskecentrumsaxns-5qb.se\/en\/wp-json\/wp\/v2\/media?parent=458"}],"curies":[{"name":"wp","href":"https:\/\/api.w.org\/{rel}","templated":true}]}}