{"id":62,"date":"2018-02-23T10:44:01","date_gmt":"2018-02-23T10:44:01","guid":{"rendered":"http:\/\/xn--fiskecentrumsaxns-5qb.se\/hotel-account\/"},"modified":"2022-01-21T10:33:53","modified_gmt":"2022-01-21T10:33:53","slug":"vandrarhem-stugor","status":"publish","type":"page","link":"https:\/\/xn--fiskecentrumsaxns-5qb.se\/en\/","title":{"rendered":"Hotel Account"},"content":{"rendered":"<h2 style=\"text-align: center\">V\u00e4lkomna till Kultsj\u00f6g\u00e5rden &#038; Fiskecentrum i Saxn\u00e4s!<\/h2>\n<p style=\"text-align: center\">Alla \u00e5rstider har sin tjusning i s\u00f6dra Lapplands fj\u00e4llv\u00e4rld. H\u00e4r finns friluftsaktiviteter i m\u00e5ngfald, upplevelser och harmoni just utanf\u00f6r husknuten.&nbsp;Sn\u00f6, fj\u00e4ll, norrsken och storslagen natur \u00e5t alla v\u00e4derstr\u00e4ck. L\u00e4ngdskid\u00e5kning, g\u00e5 p\u00e5 tur, pimpla r\u00f6ding, sn\u00f6skoter eller bara ta dagen som den kommer. Vi ser fram emot att hj\u00e4lpa dig till ditt n\u00e4sta s\u00e4kra \u00e4ventyr i Lappland!<\/p>\n","protected":false},"excerpt":{"rendered":"<p>V\u00e4lkomna till Kultsj\u00f6g\u00e5rden &#038; Fiskecentrum i Saxn\u00e4s! Alla \u00e5rstider har sin tjusning i s\u00f6dra Lapplands fj\u00e4llv\u00e4rld. H\u00e4r finns friluftsaktiviteter i m\u00e5ngfald, upplevelser och harmoni just utanf\u00f6r husknuten.&nbsp;Sn\u00f6, fj\u00e4ll, norrsken och storslagen natur \u00e5t alla v\u00e4derstr\u00e4ck. L\u00e4ngdskid\u00e5kning, g\u00e5 p\u00e5 tur, pimpla r\u00f6ding, sn\u00f6skoter eller bara ta dagen som den kommer. Vi [&hellip;]<\/p>\n","protected":false},"author":1,"featured_media":522,"parent":0,"menu_order":0,"comment_status":"closed","ping_status":"closed","template":"","meta":{"footnotes":""},"class_list":["post-62","page","type-page","status-publish","has-post-thumbnail","hentry"],"yoast_head":"<!-- This site is optimized with the Yoast SEO plugin v27.4 - https:\/\/yoast.com\/product\/yoast-seo-wordpress\/ -->\n<title>Hotel Account<\/title>\n<meta name=\"description\" content=\"Stugor &amp; vandrarhem i Saxn\u00e4s Marsfj\u00e4ll. S\u00e4ljer jaktkort och fiskekort. Information om fiske och jakt, guider och kurser.\" \/>\n<meta name=\"robots\" content=\"index, follow, max-snippet:-1, max-image-preview:large, max-video-preview:-1\" \/>\n<link rel=\"canonical\" href=\"https:\/\/xn--fiskecentrumsaxns-5qb.se\/en\/\" \/>\n<meta property=\"og:locale\" content=\"en_US\" \/>\n<meta property=\"og:locale:alternate\" content=\"sv_SE\" \/>\n<meta property=\"og:type\" content=\"article\" \/>\n<meta property=\"og:title\" content=\"Hotel Account\" \/>\n<meta property=\"og:description\" content=\"Stugor &amp; vandrarhem i Saxn\u00e4s Marsfj\u00e4ll. S\u00e4ljer jaktkort och fiskekort. Information om fiske och jakt, guider och kurser.\" \/>\n<meta property=\"og:url\" content=\"https:\/\/xn--fiskecentrumsaxns-5qb.se\/en\/\" \/>\n<meta property=\"og:site_name\" content=\"Kultsj\u00f6g\u00e5rden Fiskecentrum Saxn\u00e4s\" \/>\n<meta property=\"article:publisher\" content=\"https:\/\/www.facebook.com\/Kultsj%c3%b6g%c3%a5rden-113452636861148\/\" \/>\n<meta property=\"article:modified_time\" content=\"2022-01-21T10:33:53+00:00\" \/>\n<meta property=\"og:image\" content=\"https:\/\/xn--fiskecentrumsaxns-5qb.se\/wp-content\/uploads\/2018\/04\/fj\u00e4llvy.jpg\" \/>\n\t<meta property=\"og:image:width\" content=\"600\" \/>\n\t<meta property=\"og:image:height\" content=\"400\" \/>\n\t<meta property=\"og:image:type\" content=\"image\/jpeg\" \/>\n<meta name=\"twitter:card\" content=\"summary_large_image\" \/>\n<meta name=\"twitter:label1\" content=\"Est. reading time\" \/>\n\t<meta name=\"twitter:data1\" content=\"1 minute\" \/>\n<script type=\"application\/ld+json\" class=\"yoast-schema-graph\">{\"@context\":\"https:\\\/\\\/schema.org\",\"@graph\":[{\"@type\":\"WebPage\",\"@id\":\"https:\\\/\\\/xn--fiskecentrumsaxns-5qb.se\\\/\",\"url\":\"https:\\\/\\\/xn--fiskecentrumsaxns-5qb.se\\\/\",\"name\":\"Hotel Account\",\"isPartOf\":{\"@id\":\"https:\\\/\\\/xn--fiskecentrumsaxns-5qb.se\\\/#website\"},\"primaryImageOfPage\":{\"@id\":\"https:\\\/\\\/xn--fiskecentrumsaxns-5qb.se\\\/#primaryimage\"},\"image\":{\"@id\":\"https:\\\/\\\/xn--fiskecentrumsaxns-5qb.se\\\/#primaryimage\"},\"thumbnailUrl\":\"https:\\\/\\\/xn--fiskecentrumsaxns-5qb.se\\\/wp-content\\\/uploads\\\/2018\\\/04\\\/fj\u00e4llvy.jpg\",\"datePublished\":\"2018-02-23T10:44:01+00:00\",\"dateModified\":\"2022-01-21T10:33:53+00:00\",\"description\":\"Stugor & vandrarhem i Saxn\u00e4s Marsfj\u00e4ll. S\u00e4ljer jaktkort och fiskekort. Information om fiske och jakt, guider och kurser.\",\"breadcrumb\":{\"@id\":\"https:\\\/\\\/xn--fiskecentrumsaxns-5qb.se\\\/#breadcrumb\"},\"inLanguage\":\"en-US\",\"potentialAction\":[{\"@type\":\"ReadAction\",\"target\":[\"https:\\\/\\\/xn--fiskecentrumsaxns-5qb.se\\\/\"]}]},{\"@type\":\"ImageObject\",\"inLanguage\":\"en-US\",\"@id\":\"https:\\\/\\\/xn--fiskecentrumsaxns-5qb.se\\\/#primaryimage\",\"url\":\"https:\\\/\\\/xn--fiskecentrumsaxns-5qb.se\\\/wp-content\\\/uploads\\\/2018\\\/04\\\/fj\u00e4llvy.jpg\",\"contentUrl\":\"https:\\\/\\\/xn--fiskecentrumsaxns-5qb.se\\\/wp-content\\\/uploads\\\/2018\\\/04\\\/fj\u00e4llvy.jpg\",\"width\":600,\"height\":400},{\"@type\":\"BreadcrumbList\",\"@id\":\"https:\\\/\\\/xn--fiskecentrumsaxns-5qb.se\\\/#breadcrumb\",\"itemListElement\":[{\"@type\":\"ListItem\",\"position\":1,\"name\":\"Hem\",\"item\":\"https:\\\/\\\/xn--fiskecentrumsaxns-5qb.se\\\/\"},{\"@type\":\"ListItem\",\"position\":2,\"name\":\"Startsida\"}]},{\"@type\":\"WebSite\",\"@id\":\"https:\\\/\\\/xn--fiskecentrumsaxns-5qb.se\\\/#website\",\"url\":\"https:\\\/\\\/xn--fiskecentrumsaxns-5qb.se\\\/\",\"name\":\"Kultsj\u00f6g\u00e5rden Fiskecentrum Saxn\u00e4s\",\"description\":\"Ditt hem i fj\u00e4llen\",\"publisher\":{\"@id\":\"https:\\\/\\\/xn--fiskecentrumsaxns-5qb.se\\\/#organization\"},\"potentialAction\":[{\"@type\":\"SearchAction\",\"target\":{\"@type\":\"EntryPoint\",\"urlTemplate\":\"https:\\\/\\\/xn--fiskecentrumsaxns-5qb.se\\\/?s={search_term_string}\"},\"query-input\":{\"@type\":\"PropertyValueSpecification\",\"valueRequired\":true,\"valueName\":\"search_term_string\"}}],\"inLanguage\":\"en-US\"},{\"@type\":\"Organization\",\"@id\":\"https:\\\/\\\/xn--fiskecentrumsaxns-5qb.se\\\/#organization\",\"name\":\"Kultsj\u00f6g\u00e5rden Fiskecentrum Saxn\u00e4s\",\"url\":\"https:\\\/\\\/xn--fiskecentrumsaxns-5qb.se\\\/\",\"logo\":{\"@type\":\"ImageObject\",\"inLanguage\":\"en-US\",\"@id\":\"https:\\\/\\\/xn--fiskecentrumsaxns-5qb.se\\\/#\\\/schema\\\/logo\\\/image\\\/\",\"url\":\"https:\\\/\\\/xn--fiskecentrumsaxns-5qb.se\\\/wp-content\\\/uploads\\\/2019\\\/05\\\/cropped-Kultsj\u00f6g\u00e5rden1212.jpg\",\"contentUrl\":\"https:\\\/\\\/xn--fiskecentrumsaxns-5qb.se\\\/wp-content\\\/uploads\\\/2019\\\/05\\\/cropped-Kultsj\u00f6g\u00e5rden1212.jpg\",\"width\":713,\"height\":260,\"caption\":\"Kultsj\u00f6g\u00e5rden Fiskecentrum Saxn\u00e4s\"},\"image\":{\"@id\":\"https:\\\/\\\/xn--fiskecentrumsaxns-5qb.se\\\/#\\\/schema\\\/logo\\\/image\\\/\"},\"sameAs\":[\"https:\\\/\\\/www.facebook.com\\\/Kultsj\u00f6g\u00e5rden-113452636861148\\\/\"]}]}<\/script>\n<!-- \/ Yoast SEO plugin. -->","yoast_head_json":{"title":"Hotel Account","description":"Stugor & vandrarhem i Saxn\u00e4s Marsfj\u00e4ll. S\u00e4ljer jaktkort och fiskekort. Information om fiske och jakt, guider och kurser.","robots":{"index":"index","follow":"follow","max-snippet":"max-snippet:-1","max-image-preview":"max-image-preview:large","max-video-preview":"max-video-preview:-1"},"canonical":"https:\/\/xn--fiskecentrumsaxns-5qb.se\/en\/","og_locale":"en_US","og_type":"article","og_title":"[:en]Hotel Account[:sv]Startsida[:] - Kultsj\u00f6g\u00e5rden Fiskecentrum Saxn\u00e4s","og_description":"Stugor & vandrarhem i Saxn\u00e4s Marsfj\u00e4ll. S\u00e4ljer jaktkort och fiskekort. Information om fiske och jakt, guider och kurser.","og_url":"https:\/\/xn--fiskecentrumsaxns-5qb.se\/en\/","og_site_name":"Kultsj\u00f6g\u00e5rden Fiskecentrum Saxn\u00e4s","article_publisher":"https:\/\/www.facebook.com\/Kultsj%c3%b6g%c3%a5rden-113452636861148\/","article_modified_time":"2022-01-21T10:33:53+00:00","og_image":[{"width":600,"height":400,"url":"https:\/\/xn--fiskecentrumsaxns-5qb.se\/wp-content\/uploads\/2018\/04\/fj\u00e4llvy.jpg","type":"image\/jpeg"}],"twitter_card":"summary_large_image","twitter_misc":{"Est. reading time":"1 minute"},"schema":{"@context":"https:\/\/schema.org","@graph":[{"@type":"WebPage","@id":"https:\/\/xn--fiskecentrumsaxns-5qb.se\/","url":"https:\/\/xn--fiskecentrumsaxns-5qb.se\/","name":"Hotel Account","isPartOf":{"@id":"https:\/\/xn--fiskecentrumsaxns-5qb.se\/#website"},"primaryImageOfPage":{"@id":"https:\/\/xn--fiskecentrumsaxns-5qb.se\/#primaryimage"},"image":{"@id":"https:\/\/xn--fiskecentrumsaxns-5qb.se\/#primaryimage"},"thumbnailUrl":"https:\/\/xn--fiskecentrumsaxns-5qb.se\/wp-content\/uploads\/2018\/04\/fj\u00e4llvy.jpg","datePublished":"2018-02-23T10:44:01+00:00","dateModified":"2022-01-21T10:33:53+00:00","description":"Stugor & vandrarhem i Saxn\u00e4s Marsfj\u00e4ll. S\u00e4ljer jaktkort och fiskekort. Information om fiske och jakt, guider och kurser.","breadcrumb":{"@id":"https:\/\/xn--fiskecentrumsaxns-5qb.se\/#breadcrumb"},"inLanguage":"en-US","potentialAction":[{"@type":"ReadAction","target":["https:\/\/xn--fiskecentrumsaxns-5qb.se\/"]}]},{"@type":"ImageObject","inLanguage":"en-US","@id":"https:\/\/xn--fiskecentrumsaxns-5qb.se\/#primaryimage","url":"https:\/\/xn--fiskecentrumsaxns-5qb.se\/wp-content\/uploads\/2018\/04\/fj\u00e4llvy.jpg","contentUrl":"https:\/\/xn--fiskecentrumsaxns-5qb.se\/wp-content\/uploads\/2018\/04\/fj\u00e4llvy.jpg","width":600,"height":400},{"@type":"BreadcrumbList","@id":"https:\/\/xn--fiskecentrumsaxns-5qb.se\/#breadcrumb","itemListElement":[{"@type":"ListItem","position":1,"name":"Hem","item":"https:\/\/xn--fiskecentrumsaxns-5qb.se\/"},{"@type":"ListItem","position":2,"name":"Startsida"}]},{"@type":"WebSite","@id":"https:\/\/xn--fiskecentrumsaxns-5qb.se\/#website","url":"https:\/\/xn--fiskecentrumsaxns-5qb.se\/","name":"Kultsj\u00f6g\u00e5rden Fiskecentrum Saxn\u00e4s","description":"Ditt hem i fj\u00e4llen","publisher":{"@id":"https:\/\/xn--fiskecentrumsaxns-5qb.se\/#organization"},"potentialAction":[{"@type":"SearchAction","target":{"@type":"EntryPoint","urlTemplate":"https:\/\/xn--fiskecentrumsaxns-5qb.se\/?s={search_term_string}"},"query-input":{"@type":"PropertyValueSpecification","valueRequired":true,"valueName":"search_term_string"}}],"inLanguage":"en-US"},{"@type":"Organization","@id":"https:\/\/xn--fiskecentrumsaxns-5qb.se\/#organization","name":"Kultsj\u00f6g\u00e5rden Fiskecentrum Saxn\u00e4s","url":"https:\/\/xn--fiskecentrumsaxns-5qb.se\/","logo":{"@type":"ImageObject","inLanguage":"en-US","@id":"https:\/\/xn--fiskecentrumsaxns-5qb.se\/#\/schema\/logo\/image\/","url":"https:\/\/xn--fiskecentrumsaxns-5qb.se\/wp-content\/uploads\/2019\/05\/cropped-Kultsj\u00f6g\u00e5rden1212.jpg","contentUrl":"https:\/\/xn--fiskecentrumsaxns-5qb.se\/wp-content\/uploads\/2019\/05\/cropped-Kultsj\u00f6g\u00e5rden1212.jpg","width":713,"height":260,"caption":"Kultsj\u00f6g\u00e5rden Fiskecentrum Saxn\u00e4s"},"image":{"@id":"https:\/\/xn--fiskecentrumsaxns-5qb.se\/#\/schema\/logo\/image\/"},"sameAs":["https:\/\/www.facebook.com\/Kultsj\u00f6g\u00e5rden-113452636861148\/"]}]}},"_links":{"self":[{"href":"https:\/\/xn--fiskecentrumsaxns-5qb.se\/en\/wp-json\/wp\/v2\/pages\/62","targetHints":{"allow":["GET"]}}],"collection":[{"href":"https:\/\/xn--fiskecentrumsaxns-5qb.se\/en\/wp-json\/wp\/v2\/pages"}],"about":[{"href":"https:\/\/xn--fiskecentrumsaxns-5qb.se\/en\/wp-json\/wp\/v2\/types\/page"}],"author":[{"embeddable":true,"href":"https:\/\/xn--fiskecentrumsaxns-5qb.se\/en\/wp-json\/wp\/v2\/users\/1"}],"replies":[{"embeddable":true,"href":"https:\/\/xn--fiskecentrumsaxns-5qb.se\/en\/wp-json\/wp\/v2\/comments?post=62"}],"version-history":[{"count":7,"href":"https:\/\/xn--fiskecentrumsaxns-5qb.se\/en\/wp-json\/wp\/v2\/pages\/62\/revisions"}],"predecessor-version":[{"id":2420,"href":"https:\/\/xn--fiskecentrumsaxns-5qb.se\/en\/wp-json\/wp\/v2\/pages\/62\/revisions\/2420"}],"wp:featuredmedia":[{"embeddable":true,"href":"https:\/\/xn--fiskecentrumsaxns-5qb.se\/en\/wp-json\/wp\/v2\/media\/522"}],"wp:attachment":[{"href":"https:\/\/xn--fiskecentrumsaxns-5qb.se\/en\/wp-json\/wp\/v2\/media?parent=62"}],"curies":[{"name":"wp","href":"https:\/\/api.w.org\/{rel}","templated":true}]}}