{"id":63,"date":"2018-02-23T10:44:01","date_gmt":"2018-02-23T10:44:01","guid":{"rendered":"http:\/\/xn--fiskecentrumsaxns-5qb.se\/hotel-term-condition\/"},"modified":"2022-01-21T10:32:59","modified_gmt":"2022-01-21T10:32:59","slug":"hotel-term-condition","status":"publish","type":"page","link":"https:\/\/xn--fiskecentrumsaxns-5qb.se\/en\/hotel-term-condition\/","title":{"rendered":"Booking terms"},"content":{"rendered":"\n<h2 class=\"wp-block-heading\">Open Hours<\/h2>\n\n\n\n<blockquote class=\"wp-block-quote is-layout-flow wp-block-quote-is-layout-flow\"><p>Fiskecentrum\/Kultsj\u00f6g\u00e5rden has moved to new premises. You will find us at Marsfj\u00e4llshandlarn in the middle of the village. <\/p><p>The reception\/shop is open from 9am to 6pm daily 1\/6-31\/8 (high season) <\/p><p>1\/9-31\/5 (low season) Monday-Friday 9: 30-17: 30, Saturday 10: 00-15: 00, Sunday closed. <\/p><p>Phone hours 09: 00-18: 00 Every day. <\/p><p>Check-in at 14:00 Check-out at 11:00. <\/p><p>Later check-out is charged with extra day. <\/p><p>For later check-in call: +46940-70044 before closing. <\/p><p>You can find the booking conditions below.<\/p><\/blockquote>\n\n\n\n<h2 class=\"wp-block-heading\">Booking is binding<\/h2>\n\n\n\n<p>It is the\nguest&#8217;s responsibility to check the booking confirmation that we send in\nconnection with booking. Carefully check the date of arrival and departure.\nBooking applies to package, guiding, events as well as accommodation for Saxn\u00e4s\nFishingCenter and Kultsj\u00f6g\u00e5rden. In our booking confirmation there is a booking\nnumber assigned. It is important that the guest pay the registration fee\n(partial payment, 30% of the total amount) in time. This is charged by invoice\nat the time of booking.<\/p>\n\n\n\n<h2 class=\"wp-block-heading\">Pay on time<\/h2>\n\n\n\n<p>The guest&#8217;s\npayment for accommodation must be received by the fishing center Saxn\u00e4s no\nlater than the date stated on the invoice. The first installment is made\nagainst an invoice in a so-called registration fee and the final payment is\nmade on arrival. When it comes to accommodation in a hostel, the entire payment\n(no registration fee) is made on arrival.<\/p>\n\n\n\n<blockquote class=\"wp-block-quote is-layout-flow wp-block-quote-is-layout-flow\"><p>Cottages and apartments that are booked at least 31 days before arrival are charged with a registration fee of 30% of the total in connection with booking. It must be paid with a separate invoice within 15 days. The remaining cost is payable on arrival.<\/p><p>Hostel accommodations are payable with the full amount on arrival. <\/p><p>Hostel bed is cancellable up to and including kl. 18:00 day of arrival.<\/p><p>Non-canceled accommodation is charged full price.<\/p><p>Fishing arrangements booked at least 31 days in advance will be charged a pre-booking fee with an invoice sent at the time of booking. <\/p><p>For the fishing arrangements Ransar\u00e5 Fj\u00e4ll and \u00d6vre Fiskonb\u00e4cken, a registration fee of 30% of the price is charged with the invoice sent at the time of booking. The rest of the amount is payable on arrival. <br><\/p><\/blockquote>\n\n\n\n<h2 class=\"wp-block-heading\">What happens if the guest does not pay in time<\/h2>\n\n\n\n<p>Fishingcenter\nSaxn\u00e4s does not send a payment reminder unless the registration fee is paid on\ntime. See expiry date on invoice. The booking is canceled immediately.<\/p>\n\n\n\n<h2 class=\"wp-block-heading\">What if the guest wants to cancel or rebook?<\/h2>\n\n\n\n<p>The guest\ncan cancel and rebook us orally or in writing. Re-booking is dependent on\navailability. Applies to arrangements and accommodation.<\/p>\n\n\n\n<blockquote class=\"wp-block-quote is-layout-flow wp-block-quote-is-layout-flow\"><p>For cottages and apartments that are canceled before arrival, FishingCenter retains the registration fee.<\/p><p>For fishing, hunting and other arrangements that are canceled prior to arrival, FishingCenter retains the registration fee. <\/p><p>For accommodation and hunting, fishing and other arrangements that are not canceled prior to arrival, 100% of the cost will be charged. <\/p><p>In the case of a valid medical certificate, rebooking and cancellation is valid and the entire amount is refunded. <\/p><\/blockquote>\n","protected":false},"excerpt":{"rendered":"<p>Open Hours Fiskecentrum\/Kultsj\u00f6g\u00e5rden has moved to new premises. You will find us at Marsfj\u00e4llshandlarn in the middle of the village. The reception\/shop is open from 9am to 6pm daily 1\/6-31\/8 (high season) 1\/9-31\/5 (low season) Monday-Friday 9: 30-17: 30, Saturday 10: 00-15: 00, Sunday closed. Phone hours 09: 00-18: 00 [&hellip;]<\/p>\n","protected":false},"author":1,"featured_media":0,"parent":0,"menu_order":0,"comment_status":"closed","ping_status":"closed","template":"","meta":{"footnotes":""},"class_list":["post-63","page","type-page","status-publish","hentry"],"yoast_head":"<!-- This site is optimized with the Yoast SEO plugin v27.4 - https:\/\/yoast.com\/product\/yoast-seo-wordpress\/ -->\n<title>Booking terms<\/title>\n<meta name=\"description\" content=\"Kultsj\u00f6g\u00e5rdens reception och Fiskecentrum i Saxn\u00e4s hittar du inne i lanthandeln Marsfj\u00e4llshandlarn. V\u00e5ra \u00f6ppettider h\u00e4r varierar med s\u00e4song.\" \/>\n<meta name=\"robots\" content=\"index, follow, max-snippet:-1, max-image-preview:large, max-video-preview:-1\" \/>\n<link rel=\"canonical\" href=\"https:\/\/xn--fiskecentrumsaxns-5qb.se\/en\/hotel-term-condition\/\" \/>\n<meta property=\"og:locale\" content=\"en_US\" \/>\n<meta property=\"og:locale:alternate\" content=\"sv_SE\" \/>\n<meta property=\"og:type\" content=\"article\" \/>\n<meta property=\"og:title\" content=\"Booking terms\" \/>\n<meta property=\"og:description\" content=\"Kultsj\u00f6g\u00e5rdens reception och Fiskecentrum i Saxn\u00e4s hittar du inne i lanthandeln Marsfj\u00e4llshandlarn. V\u00e5ra \u00f6ppettider h\u00e4r varierar med s\u00e4song.\" \/>\n<meta property=\"og:url\" content=\"https:\/\/xn--fiskecentrumsaxns-5qb.se\/en\/hotel-term-condition\/\" \/>\n<meta property=\"og:site_name\" content=\"Kultsj\u00f6g\u00e5rden Fiskecentrum Saxn\u00e4s\" \/>\n<meta property=\"article:publisher\" content=\"https:\/\/www.facebook.com\/Kultsj%c3%b6g%c3%a5rden-113452636861148\/\" \/>\n<meta property=\"article:modified_time\" content=\"2022-01-21T10:32:59+00:00\" \/>\n<meta property=\"og:image\" content=\"https:\/\/xn--fiskecentrumsaxns-5qb.se\/wp-content\/uploads\/2022\/01\/thumbnail_20210605_221147-1024x690.jpg\" \/>\n<meta name=\"twitter:card\" content=\"summary_large_image\" \/>\n<meta name=\"twitter:label1\" content=\"Est. reading time\" \/>\n\t<meta name=\"twitter:data1\" content=\"3 minutes\" \/>\n<script type=\"application\/ld+json\" class=\"yoast-schema-graph\">{\"@context\":\"https:\\\/\\\/schema.org\",\"@graph\":[{\"@type\":\"WebPage\",\"@id\":\"https:\\\/\\\/xn--fiskecentrumsaxns-5qb.se\\\/hotel-term-condition\\\/\",\"url\":\"https:\\\/\\\/xn--fiskecentrumsaxns-5qb.se\\\/hotel-term-condition\\\/\",\"name\":\"Booking terms\",\"isPartOf\":{\"@id\":\"https:\\\/\\\/xn--fiskecentrumsaxns-5qb.se\\\/#website\"},\"primaryImageOfPage\":{\"@id\":\"https:\\\/\\\/xn--fiskecentrumsaxns-5qb.se\\\/hotel-term-condition\\\/#primaryimage\"},\"image\":{\"@id\":\"https:\\\/\\\/xn--fiskecentrumsaxns-5qb.se\\\/hotel-term-condition\\\/#primaryimage\"},\"thumbnailUrl\":\"https:\\\/\\\/xn--fiskecentrumsaxns-5qb.se\\\/wp-content\\\/uploads\\\/2022\\\/01\\\/thumbnail_20210605_221147-1024x690.jpg\",\"datePublished\":\"2018-02-23T10:44:01+00:00\",\"dateModified\":\"2022-01-21T10:32:59+00:00\",\"description\":\"Kultsj\u00f6g\u00e5rdens reception och Fiskecentrum i Saxn\u00e4s hittar du inne i lanthandeln Marsfj\u00e4llshandlarn. V\u00e5ra \u00f6ppettider h\u00e4r varierar med s\u00e4song.\",\"breadcrumb\":{\"@id\":\"https:\\\/\\\/xn--fiskecentrumsaxns-5qb.se\\\/hotel-term-condition\\\/#breadcrumb\"},\"inLanguage\":\"en-US\",\"potentialAction\":[{\"@type\":\"ReadAction\",\"target\":[\"https:\\\/\\\/xn--fiskecentrumsaxns-5qb.se\\\/hotel-term-condition\\\/\"]}]},{\"@type\":\"ImageObject\",\"inLanguage\":\"en-US\",\"@id\":\"https:\\\/\\\/xn--fiskecentrumsaxns-5qb.se\\\/hotel-term-condition\\\/#primaryimage\",\"url\":\"https:\\\/\\\/xn--fiskecentrumsaxns-5qb.se\\\/wp-content\\\/uploads\\\/2022\\\/01\\\/thumbnail_20210605_221147-1024x690.jpg\",\"contentUrl\":\"https:\\\/\\\/xn--fiskecentrumsaxns-5qb.se\\\/wp-content\\\/uploads\\\/2022\\\/01\\\/thumbnail_20210605_221147-1024x690.jpg\"},{\"@type\":\"BreadcrumbList\",\"@id\":\"https:\\\/\\\/xn--fiskecentrumsaxns-5qb.se\\\/hotel-term-condition\\\/#breadcrumb\",\"itemListElement\":[{\"@type\":\"ListItem\",\"position\":1,\"name\":\"Hem\",\"item\":\"https:\\\/\\\/xn--fiskecentrumsaxns-5qb.se\\\/\"},{\"@type\":\"ListItem\",\"position\":2,\"name\":\"\u00d6ppettider och bokningsvillkor\"}]},{\"@type\":\"WebSite\",\"@id\":\"https:\\\/\\\/xn--fiskecentrumsaxns-5qb.se\\\/#website\",\"url\":\"https:\\\/\\\/xn--fiskecentrumsaxns-5qb.se\\\/\",\"name\":\"Kultsj\u00f6g\u00e5rden Fiskecentrum Saxn\u00e4s\",\"description\":\"Ditt hem i fj\u00e4llen\",\"publisher\":{\"@id\":\"https:\\\/\\\/xn--fiskecentrumsaxns-5qb.se\\\/#organization\"},\"potentialAction\":[{\"@type\":\"SearchAction\",\"target\":{\"@type\":\"EntryPoint\",\"urlTemplate\":\"https:\\\/\\\/xn--fiskecentrumsaxns-5qb.se\\\/?s={search_term_string}\"},\"query-input\":{\"@type\":\"PropertyValueSpecification\",\"valueRequired\":true,\"valueName\":\"search_term_string\"}}],\"inLanguage\":\"en-US\"},{\"@type\":\"Organization\",\"@id\":\"https:\\\/\\\/xn--fiskecentrumsaxns-5qb.se\\\/#organization\",\"name\":\"Kultsj\u00f6g\u00e5rden Fiskecentrum Saxn\u00e4s\",\"url\":\"https:\\\/\\\/xn--fiskecentrumsaxns-5qb.se\\\/\",\"logo\":{\"@type\":\"ImageObject\",\"inLanguage\":\"en-US\",\"@id\":\"https:\\\/\\\/xn--fiskecentrumsaxns-5qb.se\\\/#\\\/schema\\\/logo\\\/image\\\/\",\"url\":\"https:\\\/\\\/xn--fiskecentrumsaxns-5qb.se\\\/wp-content\\\/uploads\\\/2019\\\/05\\\/cropped-Kultsj\u00f6g\u00e5rden1212.jpg\",\"contentUrl\":\"https:\\\/\\\/xn--fiskecentrumsaxns-5qb.se\\\/wp-content\\\/uploads\\\/2019\\\/05\\\/cropped-Kultsj\u00f6g\u00e5rden1212.jpg\",\"width\":713,\"height\":260,\"caption\":\"Kultsj\u00f6g\u00e5rden Fiskecentrum Saxn\u00e4s\"},\"image\":{\"@id\":\"https:\\\/\\\/xn--fiskecentrumsaxns-5qb.se\\\/#\\\/schema\\\/logo\\\/image\\\/\"},\"sameAs\":[\"https:\\\/\\\/www.facebook.com\\\/Kultsj\u00f6g\u00e5rden-113452636861148\\\/\"]}]}<\/script>\n<!-- \/ Yoast SEO plugin. -->","yoast_head_json":{"title":"Booking terms","description":"Kultsj\u00f6g\u00e5rdens reception och Fiskecentrum i Saxn\u00e4s hittar du inne i lanthandeln Marsfj\u00e4llshandlarn. V\u00e5ra \u00f6ppettider h\u00e4r varierar med s\u00e4song.","robots":{"index":"index","follow":"follow","max-snippet":"max-snippet:-1","max-image-preview":"max-image-preview:large","max-video-preview":"max-video-preview:-1"},"canonical":"https:\/\/xn--fiskecentrumsaxns-5qb.se\/en\/hotel-term-condition\/","og_locale":"en_US","og_type":"article","og_title":"[:en]Booking terms[:sv]\u00d6ppettider och bokningsvillkor[:] - Kultsj\u00f6g\u00e5rden Fiskecentrum Saxn\u00e4s","og_description":"Kultsj\u00f6g\u00e5rdens reception och Fiskecentrum i Saxn\u00e4s hittar du inne i lanthandeln Marsfj\u00e4llshandlarn. V\u00e5ra \u00f6ppettider h\u00e4r varierar med s\u00e4song.","og_url":"https:\/\/xn--fiskecentrumsaxns-5qb.se\/en\/hotel-term-condition\/","og_site_name":"Kultsj\u00f6g\u00e5rden Fiskecentrum Saxn\u00e4s","article_publisher":"https:\/\/www.facebook.com\/Kultsj%c3%b6g%c3%a5rden-113452636861148\/","article_modified_time":"2022-01-21T10:32:59+00:00","og_image":[{"url":"https:\/\/xn--fiskecentrumsaxns-5qb.se\/wp-content\/uploads\/2022\/01\/thumbnail_20210605_221147-1024x690.jpg","type":"","width":"","height":""}],"twitter_card":"summary_large_image","twitter_misc":{"Est. reading time":"3 minutes"},"schema":{"@context":"https:\/\/schema.org","@graph":[{"@type":"WebPage","@id":"https:\/\/xn--fiskecentrumsaxns-5qb.se\/hotel-term-condition\/","url":"https:\/\/xn--fiskecentrumsaxns-5qb.se\/hotel-term-condition\/","name":"Booking terms","isPartOf":{"@id":"https:\/\/xn--fiskecentrumsaxns-5qb.se\/#website"},"primaryImageOfPage":{"@id":"https:\/\/xn--fiskecentrumsaxns-5qb.se\/hotel-term-condition\/#primaryimage"},"image":{"@id":"https:\/\/xn--fiskecentrumsaxns-5qb.se\/hotel-term-condition\/#primaryimage"},"thumbnailUrl":"https:\/\/xn--fiskecentrumsaxns-5qb.se\/wp-content\/uploads\/2022\/01\/thumbnail_20210605_221147-1024x690.jpg","datePublished":"2018-02-23T10:44:01+00:00","dateModified":"2022-01-21T10:32:59+00:00","description":"Kultsj\u00f6g\u00e5rdens reception och Fiskecentrum i Saxn\u00e4s hittar du inne i lanthandeln Marsfj\u00e4llshandlarn. V\u00e5ra \u00f6ppettider h\u00e4r varierar med s\u00e4song.","breadcrumb":{"@id":"https:\/\/xn--fiskecentrumsaxns-5qb.se\/hotel-term-condition\/#breadcrumb"},"inLanguage":"en-US","potentialAction":[{"@type":"ReadAction","target":["https:\/\/xn--fiskecentrumsaxns-5qb.se\/hotel-term-condition\/"]}]},{"@type":"ImageObject","inLanguage":"en-US","@id":"https:\/\/xn--fiskecentrumsaxns-5qb.se\/hotel-term-condition\/#primaryimage","url":"https:\/\/xn--fiskecentrumsaxns-5qb.se\/wp-content\/uploads\/2022\/01\/thumbnail_20210605_221147-1024x690.jpg","contentUrl":"https:\/\/xn--fiskecentrumsaxns-5qb.se\/wp-content\/uploads\/2022\/01\/thumbnail_20210605_221147-1024x690.jpg"},{"@type":"BreadcrumbList","@id":"https:\/\/xn--fiskecentrumsaxns-5qb.se\/hotel-term-condition\/#breadcrumb","itemListElement":[{"@type":"ListItem","position":1,"name":"Hem","item":"https:\/\/xn--fiskecentrumsaxns-5qb.se\/"},{"@type":"ListItem","position":2,"name":"\u00d6ppettider och bokningsvillkor"}]},{"@type":"WebSite","@id":"https:\/\/xn--fiskecentrumsaxns-5qb.se\/#website","url":"https:\/\/xn--fiskecentrumsaxns-5qb.se\/","name":"Kultsj\u00f6g\u00e5rden Fiskecentrum Saxn\u00e4s","description":"Ditt hem i fj\u00e4llen","publisher":{"@id":"https:\/\/xn--fiskecentrumsaxns-5qb.se\/#organization"},"potentialAction":[{"@type":"SearchAction","target":{"@type":"EntryPoint","urlTemplate":"https:\/\/xn--fiskecentrumsaxns-5qb.se\/?s={search_term_string}"},"query-input":{"@type":"PropertyValueSpecification","valueRequired":true,"valueName":"search_term_string"}}],"inLanguage":"en-US"},{"@type":"Organization","@id":"https:\/\/xn--fiskecentrumsaxns-5qb.se\/#organization","name":"Kultsj\u00f6g\u00e5rden Fiskecentrum Saxn\u00e4s","url":"https:\/\/xn--fiskecentrumsaxns-5qb.se\/","logo":{"@type":"ImageObject","inLanguage":"en-US","@id":"https:\/\/xn--fiskecentrumsaxns-5qb.se\/#\/schema\/logo\/image\/","url":"https:\/\/xn--fiskecentrumsaxns-5qb.se\/wp-content\/uploads\/2019\/05\/cropped-Kultsj\u00f6g\u00e5rden1212.jpg","contentUrl":"https:\/\/xn--fiskecentrumsaxns-5qb.se\/wp-content\/uploads\/2019\/05\/cropped-Kultsj\u00f6g\u00e5rden1212.jpg","width":713,"height":260,"caption":"Kultsj\u00f6g\u00e5rden Fiskecentrum Saxn\u00e4s"},"image":{"@id":"https:\/\/xn--fiskecentrumsaxns-5qb.se\/#\/schema\/logo\/image\/"},"sameAs":["https:\/\/www.facebook.com\/Kultsj\u00f6g\u00e5rden-113452636861148\/"]}]}},"_links":{"self":[{"href":"https:\/\/xn--fiskecentrumsaxns-5qb.se\/en\/wp-json\/wp\/v2\/pages\/63","targetHints":{"allow":["GET"]}}],"collection":[{"href":"https:\/\/xn--fiskecentrumsaxns-5qb.se\/en\/wp-json\/wp\/v2\/pages"}],"about":[{"href":"https:\/\/xn--fiskecentrumsaxns-5qb.se\/en\/wp-json\/wp\/v2\/types\/page"}],"author":[{"embeddable":true,"href":"https:\/\/xn--fiskecentrumsaxns-5qb.se\/en\/wp-json\/wp\/v2\/users\/1"}],"replies":[{"embeddable":true,"href":"https:\/\/xn--fiskecentrumsaxns-5qb.se\/en\/wp-json\/wp\/v2\/comments?post=63"}],"version-history":[{"count":31,"href":"https:\/\/xn--fiskecentrumsaxns-5qb.se\/en\/wp-json\/wp\/v2\/pages\/63\/revisions"}],"predecessor-version":[{"id":4527,"href":"https:\/\/xn--fiskecentrumsaxns-5qb.se\/en\/wp-json\/wp\/v2\/pages\/63\/revisions\/4527"}],"wp:attachment":[{"href":"https:\/\/xn--fiskecentrumsaxns-5qb.se\/en\/wp-json\/wp\/v2\/media?parent=63"}],"curies":[{"name":"wp","href":"https:\/\/api.w.org\/{rel}","templated":true}]}}