{"id":83,"date":"2018-02-23T14:54:00","date_gmt":"2018-02-23T14:54:00","guid":{"rendered":"http:\/\/xn--fiskecentrumsaxns-5qb.se\/?page_id=83"},"modified":"2026-01-06T13:54:24","modified_gmt":"2026-01-06T13:54:24","slug":"skidor","status":"publish","type":"page","link":"https:\/\/xn--fiskecentrumsaxns-5qb.se\/en\/skidor\/","title":{"rendered":"Cross-country skiing"},"content":{"rendered":"<p>Saxn\u00e4s is known as a snow-sure resort. The trails are usually ready for skiing from mid-November onwards to May with natural snow. The trail system is groomed for both classic and skate styles and it is totally 19 km where 2,5 km is lit.<\/p>\n<p>Saxn\u00e4s is the perfect ski resort for pre-season training, preparation for Vasaloppet or just for your enjoyment.<\/p>\n<p>The trail system is accessible directly from Kultsj\u00f6g\u00e5rden by &#8220;sj\u00f6sp\u00e5ret&#8221;. One trail that easily can become your favorite is: &#8220;bagarstugesp\u00e5ret&#8221; and that&#8217;s for it\u00b4s family friendly route wich suites all ages and experience.<\/p>\n<h4>Mountain safety<\/h4>\n<p>If you are planning an outdoor excursion outside the ski trails in the village it is important that you notify someone of your planned destination and time of return. Send an sms (text) use social media or leave a written message with someone, for example the guide at Kultsj\u00f6g\u00e5rden,\u00a0 who can alert in case you do not return as planned.<\/p>\n<p>More information about mountain safety can be found at <a href=\"http:\/\/www.fjallsakerhetsradet.se\">www.fjallsakerhetsradet.se<\/a> so you an ensure your visit here is a safe one. Make sure you have the latest forcast for weather and avalanches in the area you will visit before you take off out in the great outdoors. And above all : -Have a nice day!<\/p>\n<p>&nbsp;<\/p>\n<p><img fetchpriority=\"high\" decoding=\"async\" src=\"http:\/\/xn--fiskecentrumsaxns-5qb.se\/wp-content\/uploads\/2018\/04\/201301156.jpg\" alt=\"\" width=\"600\" height=\"400\" class=\"alignnone size-full wp-image-502\" srcset=\"https:\/\/xn--fiskecentrumsaxns-5qb.se\/wp-content\/uploads\/2018\/04\/201301156.jpg 600w, https:\/\/xn--fiskecentrumsaxns-5qb.se\/wp-content\/uploads\/2018\/04\/201301156-300x200.jpg 300w, https:\/\/xn--fiskecentrumsaxns-5qb.se\/wp-content\/uploads\/2018\/04\/201301156-360x240.jpg 360w\" sizes=\"(max-width: 600px) 100vw, 600px\" \/><\/p>\n<h3>Voluntary contribution<\/h3>\n<p>Paying a voluntary fee makes it possible for Saxn\u00e4s Sp\u00e5r to maintain the cross country ski trails.\u00a0 You can\u00a0<strong>swish<\/strong>\u00a0to\u00a0<strong>123 671 38 38<\/strong> or pay with cash or credit card at Kultsj\u00f6g\u00e5rden and other hotel\/shops in Saxn\u00e4s.<\/p>\n<p><span>Day 50 kr<\/span><br \/>\n<span>week\u00a0 200 kr<\/span><br \/>\n<span>Year 500 kr<\/span><\/p>\n<p><span><a href=\"https:\/\/www.facebook.com\/saxnasspar\/\">Saxn\u00e4s sp\u00e5r<\/a> is a part of\u00a0<a href=\"http:\/\/www.saxnasibf.se\/\">Saxn\u00e4s Idrotts- och Bygdef\u00f6rening<\/a> (SIBF) wich is a nonprofit organization workning for sports and culture i Saxn\u00e4s and also maintain the ski and snowmobile trails in the area. Thank you for your support.\u00a0<\/span><\/p>\n","protected":false},"excerpt":{"rendered":"<p>Saxn\u00e4s is known as a snow-sure resort. The trails are usually ready for skiing from mid-November onwards to May with natural snow. The trail system is groomed for both classic and skate styles and it is totally 19 km where 2,5 km is lit. Saxn\u00e4s is the perfect ski resort [&hellip;]<\/p>\n","protected":false},"author":1,"featured_media":0,"parent":0,"menu_order":0,"comment_status":"closed","ping_status":"closed","template":"","meta":{"footnotes":""},"class_list":["post-83","page","type-page","status-publish","hentry"],"yoast_head":"<!-- This site is optimized with the Yoast SEO plugin v27.5 - https:\/\/yoast.com\/product\/yoast-seo-wordpress\/ -->\n<title>Cross-country skiing<\/title>\n<meta name=\"description\" content=\"\u00c5k skidor i v\u00e5r vackra l\u00e4ttillg\u00e4nglig fj\u00e4llnatur i omgivningen runt Saxn\u00e4s, i preparerade l\u00e4ngdsp\u00e5r som \u00e4ven passar till Sverige eliten.\" \/>\n<meta name=\"robots\" content=\"index, follow, max-snippet:-1, max-image-preview:large, max-video-preview:-1\" \/>\n<link rel=\"canonical\" href=\"https:\/\/xn--fiskecentrumsaxns-5qb.se\/en\/skidor\/\" \/>\n<meta property=\"og:locale\" content=\"en_US\" \/>\n<meta property=\"og:locale:alternate\" content=\"sv_SE\" \/>\n<meta property=\"og:type\" content=\"article\" \/>\n<meta property=\"og:title\" content=\"Cross-country skiing\" \/>\n<meta property=\"og:description\" content=\"\u00c5k skidor i v\u00e5r vackra l\u00e4ttillg\u00e4nglig fj\u00e4llnatur i omgivningen runt Saxn\u00e4s, i preparerade l\u00e4ngdsp\u00e5r som \u00e4ven passar till Sverige eliten.\" \/>\n<meta property=\"og:url\" content=\"https:\/\/xn--fiskecentrumsaxns-5qb.se\/en\/skidor\/\" \/>\n<meta property=\"og:site_name\" content=\"Kultsj\u00f6g\u00e5rden Fiskecentrum Saxn\u00e4s\" \/>\n<meta property=\"article:publisher\" content=\"https:\/\/www.facebook.com\/Kultsj%c3%b6g%c3%a5rden-113452636861148\/\" \/>\n<meta property=\"article:modified_time\" content=\"2026-01-06T13:54:24+00:00\" \/>\n<meta property=\"og:image\" content=\"http:\/\/xn--fiskecentrumsaxns-5qb.se\/wp-content\/uploads\/2018\/04\/201301156.jpg\" \/>\n<meta name=\"twitter:card\" content=\"summary_large_image\" \/>\n<meta name=\"twitter:label1\" content=\"Est. reading time\" \/>\n\t<meta name=\"twitter:data1\" content=\"3 minutes\" \/>\n<script type=\"application\/ld+json\" class=\"yoast-schema-graph\">{\"@context\":\"https:\\\/\\\/schema.org\",\"@graph\":[{\"@type\":\"WebPage\",\"@id\":\"https:\\\/\\\/xn--fiskecentrumsaxns-5qb.se\\\/skidor\\\/\",\"url\":\"https:\\\/\\\/xn--fiskecentrumsaxns-5qb.se\\\/skidor\\\/\",\"name\":\"Cross-country skiing\",\"isPartOf\":{\"@id\":\"https:\\\/\\\/xn--fiskecentrumsaxns-5qb.se\\\/#website\"},\"primaryImageOfPage\":{\"@id\":\"https:\\\/\\\/xn--fiskecentrumsaxns-5qb.se\\\/skidor\\\/#primaryimage\"},\"image\":{\"@id\":\"https:\\\/\\\/xn--fiskecentrumsaxns-5qb.se\\\/skidor\\\/#primaryimage\"},\"thumbnailUrl\":\"http:\\\/\\\/xn--fiskecentrumsaxns-5qb.se\\\/wp-content\\\/uploads\\\/2018\\\/04\\\/201301156.jpg\",\"datePublished\":\"2018-02-23T14:54:00+00:00\",\"dateModified\":\"2026-01-06T13:54:24+00:00\",\"description\":\"\u00c5k skidor i v\u00e5r vackra l\u00e4ttillg\u00e4nglig fj\u00e4llnatur i omgivningen runt Saxn\u00e4s, i preparerade l\u00e4ngdsp\u00e5r som \u00e4ven passar till Sverige eliten.\",\"breadcrumb\":{\"@id\":\"https:\\\/\\\/xn--fiskecentrumsaxns-5qb.se\\\/skidor\\\/#breadcrumb\"},\"inLanguage\":\"en-US\",\"potentialAction\":[{\"@type\":\"ReadAction\",\"target\":[\"https:\\\/\\\/xn--fiskecentrumsaxns-5qb.se\\\/skidor\\\/\"]}]},{\"@type\":\"ImageObject\",\"inLanguage\":\"en-US\",\"@id\":\"https:\\\/\\\/xn--fiskecentrumsaxns-5qb.se\\\/skidor\\\/#primaryimage\",\"url\":\"http:\\\/\\\/xn--fiskecentrumsaxns-5qb.se\\\/wp-content\\\/uploads\\\/2018\\\/04\\\/201301156.jpg\",\"contentUrl\":\"http:\\\/\\\/xn--fiskecentrumsaxns-5qb.se\\\/wp-content\\\/uploads\\\/2018\\\/04\\\/201301156.jpg\"},{\"@type\":\"BreadcrumbList\",\"@id\":\"https:\\\/\\\/xn--fiskecentrumsaxns-5qb.se\\\/skidor\\\/#breadcrumb\",\"itemListElement\":[{\"@type\":\"ListItem\",\"position\":1,\"name\":\"Hem\",\"item\":\"https:\\\/\\\/xn--fiskecentrumsaxns-5qb.se\\\/\"},{\"@type\":\"ListItem\",\"position\":2,\"name\":\"Skidor\"}]},{\"@type\":\"WebSite\",\"@id\":\"https:\\\/\\\/xn--fiskecentrumsaxns-5qb.se\\\/#website\",\"url\":\"https:\\\/\\\/xn--fiskecentrumsaxns-5qb.se\\\/\",\"name\":\"Kultsj\u00f6g\u00e5rden Fiskecentrum Saxn\u00e4s\",\"description\":\"Ditt hem i fj\u00e4llen\",\"publisher\":{\"@id\":\"https:\\\/\\\/xn--fiskecentrumsaxns-5qb.se\\\/#organization\"},\"potentialAction\":[{\"@type\":\"SearchAction\",\"target\":{\"@type\":\"EntryPoint\",\"urlTemplate\":\"https:\\\/\\\/xn--fiskecentrumsaxns-5qb.se\\\/?s={search_term_string}\"},\"query-input\":{\"@type\":\"PropertyValueSpecification\",\"valueRequired\":true,\"valueName\":\"search_term_string\"}}],\"inLanguage\":\"en-US\"},{\"@type\":\"Organization\",\"@id\":\"https:\\\/\\\/xn--fiskecentrumsaxns-5qb.se\\\/#organization\",\"name\":\"Kultsj\u00f6g\u00e5rden Fiskecentrum Saxn\u00e4s\",\"url\":\"https:\\\/\\\/xn--fiskecentrumsaxns-5qb.se\\\/\",\"logo\":{\"@type\":\"ImageObject\",\"inLanguage\":\"en-US\",\"@id\":\"https:\\\/\\\/xn--fiskecentrumsaxns-5qb.se\\\/#\\\/schema\\\/logo\\\/image\\\/\",\"url\":\"https:\\\/\\\/xn--fiskecentrumsaxns-5qb.se\\\/wp-content\\\/uploads\\\/2019\\\/05\\\/cropped-Kultsj\u00f6g\u00e5rden1212.jpg\",\"contentUrl\":\"https:\\\/\\\/xn--fiskecentrumsaxns-5qb.se\\\/wp-content\\\/uploads\\\/2019\\\/05\\\/cropped-Kultsj\u00f6g\u00e5rden1212.jpg\",\"width\":713,\"height\":260,\"caption\":\"Kultsj\u00f6g\u00e5rden Fiskecentrum Saxn\u00e4s\"},\"image\":{\"@id\":\"https:\\\/\\\/xn--fiskecentrumsaxns-5qb.se\\\/#\\\/schema\\\/logo\\\/image\\\/\"},\"sameAs\":[\"https:\\\/\\\/www.facebook.com\\\/Kultsj\u00f6g\u00e5rden-113452636861148\\\/\"]}]}<\/script>\n<!-- \/ Yoast SEO plugin. -->","yoast_head_json":{"title":"Cross-country skiing","description":"\u00c5k skidor i v\u00e5r vackra l\u00e4ttillg\u00e4nglig fj\u00e4llnatur i omgivningen runt Saxn\u00e4s, i preparerade l\u00e4ngdsp\u00e5r som \u00e4ven passar till Sverige eliten.","robots":{"index":"index","follow":"follow","max-snippet":"max-snippet:-1","max-image-preview":"max-image-preview:large","max-video-preview":"max-video-preview:-1"},"canonical":"https:\/\/xn--fiskecentrumsaxns-5qb.se\/en\/skidor\/","og_locale":"en_US","og_type":"article","og_title":"[:en]Cross-country skiing[:sv]Skidor[:] - Kultsj\u00f6g\u00e5rden Fiskecentrum Saxn\u00e4s","og_description":"[:sv]\u00c5k skidor i v\u00e5r vackra l\u00e4ttillg\u00e4nglig fj\u00e4llnatur i omgivningen runt Saxn\u00e4s, i preparerade l\u00e4ngdsp\u00e5r som \u00e4ven passar till Sverige eliten.[:]","og_url":"https:\/\/xn--fiskecentrumsaxns-5qb.se\/en\/skidor\/","og_site_name":"Kultsj\u00f6g\u00e5rden Fiskecentrum Saxn\u00e4s","article_publisher":"https:\/\/www.facebook.com\/Kultsj%c3%b6g%c3%a5rden-113452636861148\/","article_modified_time":"2026-01-06T13:54:24+00:00","og_image":[{"url":"http:\/\/xn--fiskecentrumsaxns-5qb.se\/wp-content\/uploads\/2018\/04\/201301156.jpg","type":"","width":"","height":""}],"twitter_card":"summary_large_image","twitter_misc":{"Est. reading time":"3 minutes"},"schema":{"@context":"https:\/\/schema.org","@graph":[{"@type":"WebPage","@id":"https:\/\/xn--fiskecentrumsaxns-5qb.se\/skidor\/","url":"https:\/\/xn--fiskecentrumsaxns-5qb.se\/skidor\/","name":"Cross-country skiing","isPartOf":{"@id":"https:\/\/xn--fiskecentrumsaxns-5qb.se\/#website"},"primaryImageOfPage":{"@id":"https:\/\/xn--fiskecentrumsaxns-5qb.se\/skidor\/#primaryimage"},"image":{"@id":"https:\/\/xn--fiskecentrumsaxns-5qb.se\/skidor\/#primaryimage"},"thumbnailUrl":"http:\/\/xn--fiskecentrumsaxns-5qb.se\/wp-content\/uploads\/2018\/04\/201301156.jpg","datePublished":"2018-02-23T14:54:00+00:00","dateModified":"2026-01-06T13:54:24+00:00","description":"\u00c5k skidor i v\u00e5r vackra l\u00e4ttillg\u00e4nglig fj\u00e4llnatur i omgivningen runt Saxn\u00e4s, i preparerade l\u00e4ngdsp\u00e5r som \u00e4ven passar till Sverige eliten.","breadcrumb":{"@id":"https:\/\/xn--fiskecentrumsaxns-5qb.se\/skidor\/#breadcrumb"},"inLanguage":"en-US","potentialAction":[{"@type":"ReadAction","target":["https:\/\/xn--fiskecentrumsaxns-5qb.se\/skidor\/"]}]},{"@type":"ImageObject","inLanguage":"en-US","@id":"https:\/\/xn--fiskecentrumsaxns-5qb.se\/skidor\/#primaryimage","url":"http:\/\/xn--fiskecentrumsaxns-5qb.se\/wp-content\/uploads\/2018\/04\/201301156.jpg","contentUrl":"http:\/\/xn--fiskecentrumsaxns-5qb.se\/wp-content\/uploads\/2018\/04\/201301156.jpg"},{"@type":"BreadcrumbList","@id":"https:\/\/xn--fiskecentrumsaxns-5qb.se\/skidor\/#breadcrumb","itemListElement":[{"@type":"ListItem","position":1,"name":"Hem","item":"https:\/\/xn--fiskecentrumsaxns-5qb.se\/"},{"@type":"ListItem","position":2,"name":"Skidor"}]},{"@type":"WebSite","@id":"https:\/\/xn--fiskecentrumsaxns-5qb.se\/#website","url":"https:\/\/xn--fiskecentrumsaxns-5qb.se\/","name":"Kultsj\u00f6g\u00e5rden Fiskecentrum Saxn\u00e4s","description":"Ditt hem i fj\u00e4llen","publisher":{"@id":"https:\/\/xn--fiskecentrumsaxns-5qb.se\/#organization"},"potentialAction":[{"@type":"SearchAction","target":{"@type":"EntryPoint","urlTemplate":"https:\/\/xn--fiskecentrumsaxns-5qb.se\/?s={search_term_string}"},"query-input":{"@type":"PropertyValueSpecification","valueRequired":true,"valueName":"search_term_string"}}],"inLanguage":"en-US"},{"@type":"Organization","@id":"https:\/\/xn--fiskecentrumsaxns-5qb.se\/#organization","name":"Kultsj\u00f6g\u00e5rden Fiskecentrum Saxn\u00e4s","url":"https:\/\/xn--fiskecentrumsaxns-5qb.se\/","logo":{"@type":"ImageObject","inLanguage":"en-US","@id":"https:\/\/xn--fiskecentrumsaxns-5qb.se\/#\/schema\/logo\/image\/","url":"https:\/\/xn--fiskecentrumsaxns-5qb.se\/wp-content\/uploads\/2019\/05\/cropped-Kultsj\u00f6g\u00e5rden1212.jpg","contentUrl":"https:\/\/xn--fiskecentrumsaxns-5qb.se\/wp-content\/uploads\/2019\/05\/cropped-Kultsj\u00f6g\u00e5rden1212.jpg","width":713,"height":260,"caption":"Kultsj\u00f6g\u00e5rden Fiskecentrum Saxn\u00e4s"},"image":{"@id":"https:\/\/xn--fiskecentrumsaxns-5qb.se\/#\/schema\/logo\/image\/"},"sameAs":["https:\/\/www.facebook.com\/Kultsj\u00f6g\u00e5rden-113452636861148\/"]}]}},"_links":{"self":[{"href":"https:\/\/xn--fiskecentrumsaxns-5qb.se\/en\/wp-json\/wp\/v2\/pages\/83","targetHints":{"allow":["GET"]}}],"collection":[{"href":"https:\/\/xn--fiskecentrumsaxns-5qb.se\/en\/wp-json\/wp\/v2\/pages"}],"about":[{"href":"https:\/\/xn--fiskecentrumsaxns-5qb.se\/en\/wp-json\/wp\/v2\/types\/page"}],"author":[{"embeddable":true,"href":"https:\/\/xn--fiskecentrumsaxns-5qb.se\/en\/wp-json\/wp\/v2\/users\/1"}],"replies":[{"embeddable":true,"href":"https:\/\/xn--fiskecentrumsaxns-5qb.se\/en\/wp-json\/wp\/v2\/comments?post=83"}],"version-history":[{"count":62,"href":"https:\/\/xn--fiskecentrumsaxns-5qb.se\/en\/wp-json\/wp\/v2\/pages\/83\/revisions"}],"predecessor-version":[{"id":5140,"href":"https:\/\/xn--fiskecentrumsaxns-5qb.se\/en\/wp-json\/wp\/v2\/pages\/83\/revisions\/5140"}],"wp:attachment":[{"href":"https:\/\/xn--fiskecentrumsaxns-5qb.se\/en\/wp-json\/wp\/v2\/media?parent=83"}],"curies":[{"name":"wp","href":"https:\/\/api.w.org\/{rel}","templated":true}]}}