{"id":84,"date":"2018-02-23T14:54:00","date_gmt":"2018-02-23T14:54:00","guid":{"rendered":"http:\/\/xn--fiskecentrumsaxns-5qb.se\/?page_id=84"},"modified":"2022-01-27T09:03:04","modified_gmt":"2022-01-27T09:03:04","slug":"om-oss","status":"publish","type":"page","link":"https:\/\/xn--fiskecentrumsaxns-5qb.se\/en\/om-oss\/","title":{"rendered":"About us"},"content":{"rendered":"\n<div class=\"wp-block-image\"><figure class=\"aligncenter\"><img fetchpriority=\"high\" decoding=\"async\" width=\"728\" height=\"90\" src=\"http:\/\/xn--fiskecentrumsaxns-5qb.se\/wp-content\/uploads\/2018\/04\/kultsjogardenfiskecentrum.jpg\" alt=\"\" class=\"wp-image-482\" srcset=\"https:\/\/xn--fiskecentrumsaxns-5qb.se\/wp-content\/uploads\/2018\/04\/kultsjogardenfiskecentrum.jpg 728w, https:\/\/xn--fiskecentrumsaxns-5qb.se\/wp-content\/uploads\/2018\/04\/kultsjogardenfiskecentrum-300x37.jpg 300w\" sizes=\"(max-width: 728px) 100vw, 728px\" \/><\/figure><\/div>\n\n\n\n<h2 class=\"wp-block-heading\">Welcome to Kultsj\u00f6g\u00e5rden Fiskecentrum Saxn\u00e4s!<\/h2>\n\n\n\n<p>Fiskecentrum Saxn\u00e4s \/ Kultsj\u00f6g\u00e5rden&nbsp; is a meeting place for fishermen, hunters and adventurers from far and wide. A passion for the nature with all its opportunities for adventures permeates the atmosphere of our facilities.&nbsp;Kultsj\u00f6g\u00e5rden&nbsp;is a hostel wich have cabins and apartments for rent too. We also provide private owned cabins for rent.<\/p>\n\n\n\n<p>We offer nature experiences all year round, such as fishing trips, hiking, small game hunting,<span>&nbsp;<\/span><br>snowmobile safaris, skiing tours etcetera. There are never short of options for anyone, regardless of age or experience, who is up for adventures amongst the mountains.<\/p>\n\n\n\n<p>We also offer a variety of fishing experiences. You can go fly fishing in allocated waters such as Fiskonb\u00e4cken or Ransar\u00e5n, go exploring on the many lakes in the area or go ice fishing for char. We\u2019ll offer you a tailor-made experience in accordance to your wishes and offer guidance to anyone or any group regardless of age and prior experience. We also arrange fly fishing courses for both beginners and experienced fishermen on request.<span>&nbsp;<\/span><\/p>\n\n\n\n<p>Our ambition is to be your guide to exciting, interesting and enriching experiences in our magical mountain landscapes.<\/p>\n\n\n\n<p>We have a well-stocked <strong>store<\/strong> in Marsfj\u00e4llshandlarn where you can purchase fishing and outdoor gear, hunting &#038; fishing licences, mosquito repellent, maps, coffee, soft drinks, ice cream and sweets. Our staff is on hand to provide you with any information required regarding fishing waters, equipment or transportation. You can rent boats and fishing equipment from us. You can also book a boat transfer to \u00d6vre Ransar\u00e5n or a fishing guide. We have a giveaway of fishing licences for the allocated fly fishing waters of Nedre Ransar\u00e5n.<\/p>\n\n\n\n<p>The store is open all year round, and the selections change in accordance with the seasons.<\/p>\n\n\n\n<h4 class=\"wp-block-heading\">Contact information you find <a href=\"http:\/\/xn--fiskecentrumsaxns-5qb.se\/en\/kontakt\/\">here<\/a><\/h4>\n\n\n\n<h4 class=\"wp-block-heading\">Find us<\/h4>\n\n\n\n<p>Saxn\u00e4s is situated in the municipality of Vilhelmina,&nbsp; province of Lappland and county of V\u00e4sterbotten. It is about 50 km to the Norwegian border (the linear distance)<\/p>\n\n\n<p><iframe data-src=\"https:\/\/www.google.com\/maps\/d\/embed?mid=1QgyhG3Mam-BBTpTpiUBiWe9IG-_clEaw\" width=\"640\" height=\"480\" src=\"data:image\/svg+xml;base64,PHN2ZyB3aWR0aD0iMSIgaGVpZ2h0PSIxIiB4bWxucz0iaHR0cDovL3d3dy53My5vcmcvMjAwMC9zdmciPjwvc3ZnPg==\" class=\"lazyload\" data-load-mode=\"1\"><\/iframe><\/p>\n\n\n\n<p>Saxn\u00e4s &#8211; Stockholm is 800 km and Saxn\u00e4s- Goethenburg about 1140 km. It takes 4 hours by car from \u00d6stersund, Ume\u00e5 or \u00d6rnsk\u00f6ldsvik to Saxn\u00e4s. Drive to Vilhelmina and then drive to the west on the Wildernessroad for about an hour and then you reach your destination Saxn\u00e4s.<\/p>\n\n\n\n<p>You will find Fiskecentrum\/Kultsj\u00f6g\u00e5rden in the middle of the village of Saxn\u00e4s and it is close to the local convenience store:\u00a0<a href=\"http:\/\/marsfjallshandlarn.se\" target=\"_blank\" rel=\"noreferrer noopener\" aria-label=\" (\u00f6ppnas i en ny flik)\">Marsfj\u00e4llshandlarn<\/a>\u00a0wich also have fuel for cars and snowmobiles.<br>The airport\u00a0in Vilhelmina is named\u00a0\u00a0<a href=\"http:\/\/www.southlaplandairport.com\/\" target=\"_blank\" rel=\"noreferrer noopener\" aria-label=\" (\u00f6ppnas i en ny flik)\">South Lapland Airport<\/a><br>Trainstations is in Ume\u00e5, \u00d6stersund and even in Vilhelmina during the summer when inlandsbanan is active.<\/p>\n\n\n\n<p><strong>Rental cars:<\/strong><br>Bil &#038; Fritid (Vilhelmina) Phone: +4640 122 60<\/p>\n","protected":false},"excerpt":{"rendered":"<p>Welcome to Kultsj\u00f6g\u00e5rden Fiskecentrum Saxn\u00e4s! Fiskecentrum Saxn\u00e4s \/ Kultsj\u00f6g\u00e5rden&nbsp; is a meeting place for fishermen, hunters and adventurers from far and wide. A passion for the nature with all its opportunities for adventures permeates the atmosphere of our facilities.&nbsp;Kultsj\u00f6g\u00e5rden&nbsp;is a hostel wich have cabins and apartments for rent too. We [&hellip;]<\/p>\n","protected":false},"author":1,"featured_media":0,"parent":0,"menu_order":0,"comment_status":"closed","ping_status":"closed","template":"","meta":{"footnotes":""},"class_list":["post-84","page","type-page","status-publish","hentry"],"yoast_head":"<!-- This site is optimized with the Yoast SEO plugin v27.6 - https:\/\/yoast.com\/product\/yoast-seo-wordpress\/ -->\n<title>About us<\/title>\n<meta name=\"description\" content=\"Vi erbjuder boende, jakt- och fiskekort, livsmedel, drivmedel, guidning och kurser l\u00e4ngs Vildmarksv\u00e4gen i Saxn\u00e4s Marsfj\u00e4ll, s\u00f6dra Lappland.\" \/>\n<meta name=\"robots\" content=\"index, follow, max-snippet:-1, max-image-preview:large, max-video-preview:-1\" \/>\n<link rel=\"canonical\" href=\"https:\/\/xn--fiskecentrumsaxns-5qb.se\/en\/om-oss\/\" \/>\n<meta property=\"og:locale\" content=\"en_US\" \/>\n<meta property=\"og:locale:alternate\" content=\"sv_SE\" \/>\n<meta property=\"og:type\" content=\"article\" \/>\n<meta property=\"og:title\" content=\"About us\" \/>\n<meta property=\"og:description\" content=\"Vi erbjuder boende, jakt- och fiskekort, livsmedel, drivmedel, guidning och kurser l\u00e4ngs Vildmarksv\u00e4gen i Saxn\u00e4s Marsfj\u00e4ll, s\u00f6dra Lappland.\" \/>\n<meta property=\"og:url\" content=\"https:\/\/xn--fiskecentrumsaxns-5qb.se\/en\/om-oss\/\" \/>\n<meta property=\"og:site_name\" content=\"Kultsj\u00f6g\u00e5rden Fiskecentrum Saxn\u00e4s\" \/>\n<meta property=\"article:publisher\" content=\"https:\/\/www.facebook.com\/Kultsj%c3%b6g%c3%a5rden-113452636861148\/\" \/>\n<meta property=\"article:modified_time\" content=\"2022-01-27T09:03:04+00:00\" \/>\n<meta property=\"og:image\" content=\"http:\/\/xn--fiskecentrumsaxns-5qb.se\/wp-content\/uploads\/2018\/04\/kultsjogardenfiskecentrum.jpg\" \/>\n<meta name=\"twitter:card\" content=\"summary_large_image\" \/>\n<meta name=\"twitter:label1\" content=\"Est. reading time\" \/>\n\t<meta name=\"twitter:data1\" content=\"4 minutes\" \/>\n<script type=\"application\/ld+json\" class=\"yoast-schema-graph\">{\"@context\":\"https:\\\/\\\/schema.org\",\"@graph\":[{\"@type\":\"WebPage\",\"@id\":\"https:\\\/\\\/xn--fiskecentrumsaxns-5qb.se\\\/om-oss\\\/\",\"url\":\"https:\\\/\\\/xn--fiskecentrumsaxns-5qb.se\\\/om-oss\\\/\",\"name\":\"About us\",\"isPartOf\":{\"@id\":\"https:\\\/\\\/xn--fiskecentrumsaxns-5qb.se\\\/#website\"},\"primaryImageOfPage\":{\"@id\":\"https:\\\/\\\/xn--fiskecentrumsaxns-5qb.se\\\/om-oss\\\/#primaryimage\"},\"image\":{\"@id\":\"https:\\\/\\\/xn--fiskecentrumsaxns-5qb.se\\\/om-oss\\\/#primaryimage\"},\"thumbnailUrl\":\"http:\\\/\\\/xn--fiskecentrumsaxns-5qb.se\\\/wp-content\\\/uploads\\\/2018\\\/04\\\/kultsjogardenfiskecentrum.jpg\",\"datePublished\":\"2018-02-23T14:54:00+00:00\",\"dateModified\":\"2022-01-27T09:03:04+00:00\",\"description\":\"Vi erbjuder boende, jakt- och fiskekort, livsmedel, drivmedel, guidning och kurser l\u00e4ngs Vildmarksv\u00e4gen i Saxn\u00e4s Marsfj\u00e4ll, s\u00f6dra Lappland.\",\"breadcrumb\":{\"@id\":\"https:\\\/\\\/xn--fiskecentrumsaxns-5qb.se\\\/om-oss\\\/#breadcrumb\"},\"inLanguage\":\"en-US\",\"potentialAction\":[{\"@type\":\"ReadAction\",\"target\":[\"https:\\\/\\\/xn--fiskecentrumsaxns-5qb.se\\\/om-oss\\\/\"]}]},{\"@type\":\"ImageObject\",\"inLanguage\":\"en-US\",\"@id\":\"https:\\\/\\\/xn--fiskecentrumsaxns-5qb.se\\\/om-oss\\\/#primaryimage\",\"url\":\"http:\\\/\\\/xn--fiskecentrumsaxns-5qb.se\\\/wp-content\\\/uploads\\\/2018\\\/04\\\/kultsjogardenfiskecentrum.jpg\",\"contentUrl\":\"http:\\\/\\\/xn--fiskecentrumsaxns-5qb.se\\\/wp-content\\\/uploads\\\/2018\\\/04\\\/kultsjogardenfiskecentrum.jpg\"},{\"@type\":\"BreadcrumbList\",\"@id\":\"https:\\\/\\\/xn--fiskecentrumsaxns-5qb.se\\\/om-oss\\\/#breadcrumb\",\"itemListElement\":[{\"@type\":\"ListItem\",\"position\":1,\"name\":\"Hem\",\"item\":\"https:\\\/\\\/xn--fiskecentrumsaxns-5qb.se\\\/\"},{\"@type\":\"ListItem\",\"position\":2,\"name\":\"Om oss\"}]},{\"@type\":\"WebSite\",\"@id\":\"https:\\\/\\\/xn--fiskecentrumsaxns-5qb.se\\\/#website\",\"url\":\"https:\\\/\\\/xn--fiskecentrumsaxns-5qb.se\\\/\",\"name\":\"Kultsj\u00f6g\u00e5rden Fiskecentrum Saxn\u00e4s\",\"description\":\"Ditt hem i fj\u00e4llen\",\"publisher\":{\"@id\":\"https:\\\/\\\/xn--fiskecentrumsaxns-5qb.se\\\/#organization\"},\"potentialAction\":[{\"@type\":\"SearchAction\",\"target\":{\"@type\":\"EntryPoint\",\"urlTemplate\":\"https:\\\/\\\/xn--fiskecentrumsaxns-5qb.se\\\/?s={search_term_string}\"},\"query-input\":{\"@type\":\"PropertyValueSpecification\",\"valueRequired\":true,\"valueName\":\"search_term_string\"}}],\"inLanguage\":\"en-US\"},{\"@type\":\"Organization\",\"@id\":\"https:\\\/\\\/xn--fiskecentrumsaxns-5qb.se\\\/#organization\",\"name\":\"Kultsj\u00f6g\u00e5rden Fiskecentrum Saxn\u00e4s\",\"url\":\"https:\\\/\\\/xn--fiskecentrumsaxns-5qb.se\\\/\",\"logo\":{\"@type\":\"ImageObject\",\"inLanguage\":\"en-US\",\"@id\":\"https:\\\/\\\/xn--fiskecentrumsaxns-5qb.se\\\/#\\\/schema\\\/logo\\\/image\\\/\",\"url\":\"https:\\\/\\\/xn--fiskecentrumsaxns-5qb.se\\\/wp-content\\\/uploads\\\/2019\\\/05\\\/cropped-Kultsj\u00f6g\u00e5rden1212.jpg\",\"contentUrl\":\"https:\\\/\\\/xn--fiskecentrumsaxns-5qb.se\\\/wp-content\\\/uploads\\\/2019\\\/05\\\/cropped-Kultsj\u00f6g\u00e5rden1212.jpg\",\"width\":713,\"height\":260,\"caption\":\"Kultsj\u00f6g\u00e5rden Fiskecentrum Saxn\u00e4s\"},\"image\":{\"@id\":\"https:\\\/\\\/xn--fiskecentrumsaxns-5qb.se\\\/#\\\/schema\\\/logo\\\/image\\\/\"},\"sameAs\":[\"https:\\\/\\\/www.facebook.com\\\/Kultsj\u00f6g\u00e5rden-113452636861148\\\/\"]}]}<\/script>\n<!-- \/ Yoast SEO plugin. -->","yoast_head_json":{"title":"About us","description":"Vi erbjuder boende, jakt- och fiskekort, livsmedel, drivmedel, guidning och kurser l\u00e4ngs Vildmarksv\u00e4gen i Saxn\u00e4s Marsfj\u00e4ll, s\u00f6dra Lappland.","robots":{"index":"index","follow":"follow","max-snippet":"max-snippet:-1","max-image-preview":"max-image-preview:large","max-video-preview":"max-video-preview:-1"},"canonical":"https:\/\/xn--fiskecentrumsaxns-5qb.se\/en\/om-oss\/","og_locale":"en_US","og_type":"article","og_title":"[:en]About us[:sv]Om oss[:] - Kultsj\u00f6g\u00e5rden Fiskecentrum Saxn\u00e4s","og_description":"Vi erbjuder boende, jakt- och fiskekort, livsmedel, drivmedel, guidning och kurser l\u00e4ngs Vildmarksv\u00e4gen i Saxn\u00e4s Marsfj\u00e4ll, s\u00f6dra Lappland.","og_url":"https:\/\/xn--fiskecentrumsaxns-5qb.se\/en\/om-oss\/","og_site_name":"Kultsj\u00f6g\u00e5rden Fiskecentrum Saxn\u00e4s","article_publisher":"https:\/\/www.facebook.com\/Kultsj%c3%b6g%c3%a5rden-113452636861148\/","article_modified_time":"2022-01-27T09:03:04+00:00","og_image":[{"url":"http:\/\/xn--fiskecentrumsaxns-5qb.se\/wp-content\/uploads\/2018\/04\/kultsjogardenfiskecentrum.jpg","type":"","width":"","height":""}],"twitter_card":"summary_large_image","twitter_misc":{"Est. reading time":"4 minutes"},"schema":{"@context":"https:\/\/schema.org","@graph":[{"@type":"WebPage","@id":"https:\/\/xn--fiskecentrumsaxns-5qb.se\/om-oss\/","url":"https:\/\/xn--fiskecentrumsaxns-5qb.se\/om-oss\/","name":"About us","isPartOf":{"@id":"https:\/\/xn--fiskecentrumsaxns-5qb.se\/#website"},"primaryImageOfPage":{"@id":"https:\/\/xn--fiskecentrumsaxns-5qb.se\/om-oss\/#primaryimage"},"image":{"@id":"https:\/\/xn--fiskecentrumsaxns-5qb.se\/om-oss\/#primaryimage"},"thumbnailUrl":"http:\/\/xn--fiskecentrumsaxns-5qb.se\/wp-content\/uploads\/2018\/04\/kultsjogardenfiskecentrum.jpg","datePublished":"2018-02-23T14:54:00+00:00","dateModified":"2022-01-27T09:03:04+00:00","description":"Vi erbjuder boende, jakt- och fiskekort, livsmedel, drivmedel, guidning och kurser l\u00e4ngs Vildmarksv\u00e4gen i Saxn\u00e4s Marsfj\u00e4ll, s\u00f6dra Lappland.","breadcrumb":{"@id":"https:\/\/xn--fiskecentrumsaxns-5qb.se\/om-oss\/#breadcrumb"},"inLanguage":"en-US","potentialAction":[{"@type":"ReadAction","target":["https:\/\/xn--fiskecentrumsaxns-5qb.se\/om-oss\/"]}]},{"@type":"ImageObject","inLanguage":"en-US","@id":"https:\/\/xn--fiskecentrumsaxns-5qb.se\/om-oss\/#primaryimage","url":"http:\/\/xn--fiskecentrumsaxns-5qb.se\/wp-content\/uploads\/2018\/04\/kultsjogardenfiskecentrum.jpg","contentUrl":"http:\/\/xn--fiskecentrumsaxns-5qb.se\/wp-content\/uploads\/2018\/04\/kultsjogardenfiskecentrum.jpg"},{"@type":"BreadcrumbList","@id":"https:\/\/xn--fiskecentrumsaxns-5qb.se\/om-oss\/#breadcrumb","itemListElement":[{"@type":"ListItem","position":1,"name":"Hem","item":"https:\/\/xn--fiskecentrumsaxns-5qb.se\/"},{"@type":"ListItem","position":2,"name":"Om oss"}]},{"@type":"WebSite","@id":"https:\/\/xn--fiskecentrumsaxns-5qb.se\/#website","url":"https:\/\/xn--fiskecentrumsaxns-5qb.se\/","name":"Kultsj\u00f6g\u00e5rden Fiskecentrum Saxn\u00e4s","description":"Ditt hem i fj\u00e4llen","publisher":{"@id":"https:\/\/xn--fiskecentrumsaxns-5qb.se\/#organization"},"potentialAction":[{"@type":"SearchAction","target":{"@type":"EntryPoint","urlTemplate":"https:\/\/xn--fiskecentrumsaxns-5qb.se\/?s={search_term_string}"},"query-input":{"@type":"PropertyValueSpecification","valueRequired":true,"valueName":"search_term_string"}}],"inLanguage":"en-US"},{"@type":"Organization","@id":"https:\/\/xn--fiskecentrumsaxns-5qb.se\/#organization","name":"Kultsj\u00f6g\u00e5rden Fiskecentrum Saxn\u00e4s","url":"https:\/\/xn--fiskecentrumsaxns-5qb.se\/","logo":{"@type":"ImageObject","inLanguage":"en-US","@id":"https:\/\/xn--fiskecentrumsaxns-5qb.se\/#\/schema\/logo\/image\/","url":"https:\/\/xn--fiskecentrumsaxns-5qb.se\/wp-content\/uploads\/2019\/05\/cropped-Kultsj\u00f6g\u00e5rden1212.jpg","contentUrl":"https:\/\/xn--fiskecentrumsaxns-5qb.se\/wp-content\/uploads\/2019\/05\/cropped-Kultsj\u00f6g\u00e5rden1212.jpg","width":713,"height":260,"caption":"Kultsj\u00f6g\u00e5rden Fiskecentrum Saxn\u00e4s"},"image":{"@id":"https:\/\/xn--fiskecentrumsaxns-5qb.se\/#\/schema\/logo\/image\/"},"sameAs":["https:\/\/www.facebook.com\/Kultsj\u00f6g\u00e5rden-113452636861148\/"]}]}},"_links":{"self":[{"href":"https:\/\/xn--fiskecentrumsaxns-5qb.se\/en\/wp-json\/wp\/v2\/pages\/84","targetHints":{"allow":["GET"]}}],"collection":[{"href":"https:\/\/xn--fiskecentrumsaxns-5qb.se\/en\/wp-json\/wp\/v2\/pages"}],"about":[{"href":"https:\/\/xn--fiskecentrumsaxns-5qb.se\/en\/wp-json\/wp\/v2\/types\/page"}],"author":[{"embeddable":true,"href":"https:\/\/xn--fiskecentrumsaxns-5qb.se\/en\/wp-json\/wp\/v2\/users\/1"}],"replies":[{"embeddable":true,"href":"https:\/\/xn--fiskecentrumsaxns-5qb.se\/en\/wp-json\/wp\/v2\/comments?post=84"}],"version-history":[{"count":68,"href":"https:\/\/xn--fiskecentrumsaxns-5qb.se\/en\/wp-json\/wp\/v2\/pages\/84\/revisions"}],"predecessor-version":[{"id":4637,"href":"https:\/\/xn--fiskecentrumsaxns-5qb.se\/en\/wp-json\/wp\/v2\/pages\/84\/revisions\/4637"}],"wp:attachment":[{"href":"https:\/\/xn--fiskecentrumsaxns-5qb.se\/en\/wp-json\/wp\/v2\/media?parent=84"}],"curies":[{"name":"wp","href":"https:\/\/api.w.org\/{rel}","templated":true}]}}